{"id":13,"date":"2022-03-01T20:37:39","date_gmt":"2022-03-01T20:37:39","guid":{"rendered":"https:\/\/www.omasglozzjini.ch\/?page_id=13"},"modified":"2022-08-19T13:12:17","modified_gmt":"2022-08-19T12:12:17","slug":"projekt","status":"publish","type":"page","link":"https:\/\/www.omasglozzjini.ch\/?page_id=13","title":{"rendered":"Idee"},"content":{"rendered":"<p>Die Stiftung Schloss Leuk lud im Sommer 2022 die Mitglieder der Schweizerischen Gesellschaft bildender K\u00fcnstlerinnen SGBK (Sektion Bern\/Romandie) ein, ihre Werke zu zeigen.<\/p>\n<p>Wir sind K\u00fcnstlerinnen dieses Berufsverbandes und nahmen diese Sommerausstellung zum Anlass, ein soziokulturelles Projekt zu lancieren. Wir wollten damit die Walliser Bev\u00f6lkerung, aber auch \u00fcber die Kantonsgrenze hinweg Menschen unterschiedlicher Generationen erreichen.<\/p>\n<p>Ein gemeinsames Vorhaben, das vernetzt, verbindet &amp; Gespr\u00e4chsstoff schafft war die Motivation des Kunstprojektes <em>Oma\u2019s Glozzjini.<\/em><\/p>\n<p>Das Konzept war einfach, doch wirkkr\u00e4ftig.<\/p>\n<p>Geplant wurde ein geh\u00e4kelter \u00dcberzug f\u00fcr die Zinnen des Leuker Schlossturmes. Dazu benutzten wir die traditionsreichen Technik der \u00abGranny Squares\u00bb Das sind geh\u00e4kelte oder gestrickte Einzelst\u00fccke in der Gr\u00f6sse von 17 x 17cm. Insgesamt 2736 solcher Quadrate\/Glozzjini ben\u00f6tigten wir um die Zinnen damit einzukleiden. Was zun\u00e4chst unm\u00f6glich klingt wurde in einem Gemeinschaftsprojekt realisiert. Alle Personen, die sich anschliessen wollten, erhielten dazu die M\u00f6glichkeit. Teilweise wurden auch kleine H\u00e4kelrunden gegr\u00fcndet. Partnerinstitutionen, Altersheime und Wohnheime wurden Eingeladen sich am Projekt zu beteiligen.<\/p>\n<p>Oma&#8217;s Glozzjini repr\u00e4sentiert durch seine vielen kleinen Einzelteile das Individuum, die Bev\u00f6lkerung und spannt so einen Bogen \u00fcber die Generationen hinweg. Diese pers\u00f6nlichen Geschichten wurden eingewoben in die Textilien und bewahren nun unser kulturelles Erbe in sich. In einem langwierigen Prozess verbanden wir K\u00fcnstlerinnen diese Einzelteile zu einem gr\u00f6sseren ganzen. So wird der Zinnenschmuck zu einem Wahrzeichen f\u00fcr das Gemeinschaftsgef\u00fchl.<\/p>\n<p>An 4 extra daf\u00fcr geplanten Aktionstagen in Brig, Visp und 2 x in Leuk wurden diese zusammengestellten \u00abGlozzjini\u00bb zu Zinnenhauben f\u00fcr das Schloss Leuk zusammengen\u00e4ht.\u00a0 Die Aktionen fanden an \u00f6ffentlichen Pl\u00e4tzen statt\u00a0 und jeder der wollte durfte sich beteiligen.<\/p>\n<p>&nbsp;<\/p>\n<p>&nbsp;<\/p>\n","protected":false},"excerpt":{"rendered":"<p>Die Stiftung Schloss Leuk lud im Sommer 2022 die Mitglieder der Schweizerischen Gesellschaft bildender K\u00fcnstlerinnen SGBK (Sektion Bern\/Romandie) ein, ihre Werke zu zeigen. Wir sind K\u00fcnstlerinnen dieses Berufsverbandes und nahmen diese Sommerausstellung zum Anlass, ein soziokulturelles Projekt zu lancieren. Wir wollten damit die Walliser Bev\u00f6lkerung, aber auch \u00fcber die Kantonsgrenze hinweg Menschen unterschiedlicher Generationen erreichen. &hellip; <\/p>\n<p class=\"link-more\"><a href=\"https:\/\/www.omasglozzjini.ch\/?page_id=13\" class=\"more-link\"><span class=\"screen-reader-text\">\u201eIdee\u201c<\/span> weiterlesen<\/a><\/p>\n","protected":false},"author":1,"featured_media":27,"parent":0,"menu_order":0,"comment_status":"closed","ping_status":"closed","template":"","meta":[],"_links":{"self":[{"href":"https:\/\/www.omasglozzjini.ch\/index.php?rest_route=\/wp\/v2\/pages\/13"}],"collection":[{"href":"https:\/\/www.omasglozzjini.ch\/index.php?rest_route=\/wp\/v2\/pages"}],"about":[{"href":"https:\/\/www.omasglozzjini.ch\/index.php?rest_route=\/wp\/v2\/types\/page"}],"author":[{"embeddable":true,"href":"https:\/\/www.omasglozzjini.ch\/index.php?rest_route=\/wp\/v2\/users\/1"}],"replies":[{"embeddable":true,"href":"https:\/\/www.omasglozzjini.ch\/index.php?rest_route=%2Fwp%2Fv2%2Fcomments&post=13"}],"version-history":[{"count":15,"href":"https:\/\/www.omasglozzjini.ch\/index.php?rest_route=\/wp\/v2\/pages\/13\/revisions"}],"predecessor-version":[{"id":655,"href":"https:\/\/www.omasglozzjini.ch\/index.php?rest_route=\/wp\/v2\/pages\/13\/revisions\/655"}],"wp:featuredmedia":[{"embeddable":true,"href":"https:\/\/www.omasglozzjini.ch\/index.php?rest_route=\/wp\/v2\/media\/27"}],"wp:attachment":[{"href":"https:\/\/www.omasglozzjini.ch\/index.php?rest_route=%2Fwp%2Fv2%2Fmedia&parent=13"}],"curies":[{"name":"wp","href":"https:\/\/api.w.org\/{rel}","templated":true}]}}