{"id":237,"date":"2022-03-22T06:38:56","date_gmt":"2022-03-22T05:38:56","guid":{"rendered":"https:\/\/www.omasglozzjini.ch\/?page_id=237"},"modified":"2022-04-06T11:57:50","modified_gmt":"2022-04-06T10:57:50","slug":"agenda-fr","status":"publish","type":"page","link":"https:\/\/www.omasglozzjini.ch\/?page_id=237&lang=fr","title":{"rendered":"Agenda"},"content":{"rendered":"<h4><strong>De nouvelles institutions &amp; personnes priv\u00e9es peuvent participer au projet en permanence. Envie de participer ? Alors \u00e9crivez un e-mail \u00e0 <a href=\"mailto:info@omasglozzjini.ch\">info@omasglozzjini.ch<\/a><\/strong><\/h4>\n<p>Les Glozzjini achev\u00e9s peuvent nous \u00eatre remis sans interruption jusqu&#8217;au 25.5.2022 au plus tard, ou \u00e0 l&#8217;office du tourisme de Lo\u00e8che.<\/p>\n<p>Trois journ\u00e9es d&#8217;action sont organis\u00e9es en juin. Les diff\u00e9rents carr\u00e9s sont cousus ensemble sous la forme d&#8217;une d\u00e9coration des cr\u00e9neaux.<\/p>\n<p><strong>Action 1: le 3 juin 2022 \u00e0 Vi\u00e8ge.<\/strong><\/p>\n<p><strong>Action2: le 4 juin 2022 sur le Sebastiansplatz in Brigue.<\/strong><\/p>\n<p><strong>Action finale : 24 juin 2022 \u00e0 Lo\u00e8che, suivie du transport de la d\u00e9coration des cr\u00e9neaux au ch\u00e2teau de Lo\u00e8che.<\/strong><\/p>\n<p>L&#8217;ach\u00e8vement de la documentation sera faite apr\u00e8s le dernier jour d\u2019action.<\/p>\n<p>Cet \u00e9t\u00e9 2022, du 2 juillet au 28 septembre, la Fondation du ch\u00e2teau de Lo\u00e8che invite les membres de la Soci\u00e9t\u00e9 suisse des femmes artistes en arts visuels (SSFA) (section Berne\/Romandie) \u00e0 pr\u00e9senter leurs \u0153uvres. Deux expositions se succ\u00e9deront, r\u00e9unissant chacune 25 femmes artistes exposantes. En outre, le ch\u00e2teau accueille un week-end de f\u00eate en ao\u00fbt. Le motif de cette f\u00eate est le 120e anniversaire de l&#8217;association. Celle-ci a \u00e9t\u00e9 fond\u00e9e en 1902, \u00e0 une \u00e9poque o\u00f9 les femmes n&#8217;avaient pas encore acc\u00e8s \u00e0 la Soci\u00e9t\u00e9 des peintres, sculpteurs et architectes suisses (appel\u00e9e aujourd&#8217;hui Visarte).<\/p>\n<p>En octobre les \u00ab chapeaux \u00bb crochet\u00e9s et tricot\u00e9s des cr\u00e9neaux seront d\u00e9mont\u00e9es pour devenir des couvertures de pique-nique. Ensuite, un pique-nique aura lieu sur le gazon de la tour du ch\u00e2teau de Lo\u00e8che, avec un concert \u00e0 savourer sur les couvertures ainsi cr\u00e9\u00e9es.<\/p>\n<p>&nbsp;<\/p>\n","protected":false},"excerpt":{"rendered":"<p>De nouvelles institutions &amp; personnes priv\u00e9es peuvent participer au projet en permanence. Envie de participer ? Alors \u00e9crivez un e-mail \u00e0 info@omasglozzjini.ch Les Glozzjini achev\u00e9s peuvent nous \u00eatre remis sans interruption jusqu&#8217;au 25.5.2022 au plus tard, ou \u00e0 l&#8217;office du tourisme de Lo\u00e8che. Trois journ\u00e9es d&#8217;action sont organis\u00e9es en juin. Les diff\u00e9rents carr\u00e9s sont cousus &hellip; <\/p>\n<p class=\"link-more\"><a href=\"https:\/\/www.omasglozzjini.ch\/?page_id=237&#038;lang=fr\" class=\"more-link\"><span class=\"screen-reader-text\">\u201eAgenda\u201c<\/span> weiterlesen<\/a><\/p>\n","protected":false},"author":1,"featured_media":0,"parent":0,"menu_order":0,"comment_status":"closed","ping_status":"closed","template":"","meta":[],"_links":{"self":[{"href":"https:\/\/www.omasglozzjini.ch\/index.php?rest_route=\/wp\/v2\/pages\/237"}],"collection":[{"href":"https:\/\/www.omasglozzjini.ch\/index.php?rest_route=\/wp\/v2\/pages"}],"about":[{"href":"https:\/\/www.omasglozzjini.ch\/index.php?rest_route=\/wp\/v2\/types\/page"}],"author":[{"embeddable":true,"href":"https:\/\/www.omasglozzjini.ch\/index.php?rest_route=\/wp\/v2\/users\/1"}],"replies":[{"embeddable":true,"href":"https:\/\/www.omasglozzjini.ch\/index.php?rest_route=%2Fwp%2Fv2%2Fcomments&post=237"}],"version-history":[{"count":7,"href":"https:\/\/www.omasglozzjini.ch\/index.php?rest_route=\/wp\/v2\/pages\/237\/revisions"}],"predecessor-version":[{"id":337,"href":"https:\/\/www.omasglozzjini.ch\/index.php?rest_route=\/wp\/v2\/pages\/237\/revisions\/337"}],"wp:attachment":[{"href":"https:\/\/www.omasglozzjini.ch\/index.php?rest_route=%2Fwp%2Fv2%2Fmedia&parent=237"}],"curies":[{"name":"wp","href":"https:\/\/api.w.org\/{rel}","templated":true}]}}