{"id":247,"date":"2022-03-22T06:56:39","date_gmt":"2022-03-22T05:56:39","guid":{"rendered":"https:\/\/www.omasglozzjini.ch\/?page_id=247"},"modified":"2022-05-18T07:00:23","modified_gmt":"2022-05-18T06:00:23","slug":"idee-fr","status":"publish","type":"page","link":"https:\/\/www.omasglozzjini.ch\/?page_id=247&lang=fr","title":{"rendered":"Id\u00e9e"},"content":{"rendered":"<p>Cet \u00e9t\u00e9 2022, la Fondation du ch\u00e2teau de Lo\u00e8che invite les membres de la Soci\u00e9t\u00e9 suisse des femmes artistes en arts visuels SSFA (section Berne\/Romandie) \u00e0 pr\u00e9senter leurs \u0153uvres.<\/p>\n<p>Nous sommes des artistes de cette association professionnelle et souhaitons profiter de cette exposition d&#8217;\u00e9t\u00e9 pour lancer un projet socioculturel. Nous voulons ainsi toucher la population valaisanne, mais aussi, au-del\u00e0 des fronti\u00e8res cantonales, des personnes de diff\u00e9rentes g\u00e9n\u00e9rations.<\/p>\n<p>Un projet commun qui met en r\u00e9seau, unie et g\u00e9n\u00e8re des sujets de conversation, telle est la motivation du projet artistique Omas\u2019s Glozzjini.<\/p>\n<p>Le concept est simple et efficace.<\/p>\n<p>Il est pr\u00e9vu de r\u00e9aliser un enrobage crochet\u00e9 pour les cr\u00e9neaux de la tour du ch\u00e2teau de Lo\u00e8che. Ce qui semble impossible au premier abord peut \u00eatre r\u00e9alis\u00e9 dans le cadre d&#8217;un projet communautaire. Toutes les personnes qui souhaitent se joindre \u00e0 nous sont invit\u00e9es \u00e0 participer \u00e0 ce projet. Les personnes seules peuvent aussi s\u2019associer en petits groupes de crochetage. Des institutions partenaires, des maisons de retraite et des foyers participent \u00e9galement \u00e0 ce projet, et l\u00e0 aussi, la formation de groupes de crochetage communs est la bienvenue. L&#8217;intervention textile sera visible de loin comme un ornement discret pour tous les voyageurs de passage.<\/p>\n<p>Le travail repr\u00e9sente \u00e0 la fois l&#8217;individu et la population, cr\u00e9e ainsi un esprit communautaire entre les g\u00e9n\u00e9rations et pr\u00e9serve leurs histoires personnelles et notre h\u00e9ritage culturel. Le Glozzjini de grand-m\u00e8re devient ainsi un embl\u00e8me de l&#8217;esprit communautaire.<\/p>\n<p>L\u2019enrobage est r\u00e9alis\u00e9 selon la technique traditionnelle des \u00ab Granny Squares \u00bb. Ce sont des pi\u00e8ces uniques crochet\u00e9es ou tricot\u00e9es de 17 x 17 cm. Le choix de la technique, qui n&#8217;aurait jamais \u00e9t\u00e9 pr\u00e9sent\u00e9e dans un espace artistique s\u00e9rieux \u00e0 l&#8217;\u00e9poque de &#8218;Granny&#8216;, peut \u00eatre compris comme un \u00e9l\u00e9ment rebelle de ce travail. Pour finaliser le travail et le placer sur la tour, trois journ\u00e9es d&#8217;action sont pr\u00e9vues \u00e0 Brigue, Vi\u00e8ge et Lo\u00e8che. Les carr\u00e9s sont cousus ensemble pour former des \u00ab chapeaux \u00bb et les volontaires de diff\u00e9rents groupes peuvent se rencontrer.<\/p>\n<p>Une documentation sur les participantes au processus de travail et une liste de noms rendent hommage, sur le lieu d&#8217;exposition, aux participantes au projet dont la d\u00e9coration des cr\u00e9neaux ornera la tour une fois le projet termin\u00e9.<\/p>\n<p><strong>Pour le projet artistique pr\u00e9vu, on recherche des tricoteuses et des crocheteuses, pour les quelque 3480 &#8222;glozzjini&#8220;, afin de confectionner les \u00ab chapeaux \u00bb pour les cr\u00e9neaux du ch\u00e2teau de Lo\u00e8che. <\/strong>Si vous souhaitez participer veuillez-vous inscrire par email <a href=\"mailto:info@omasglozzjin.ch\">(info@omasglozzjin.ch) <\/a>ou \u00e0 l\u2019office du tourisme de Lo\u00e8che. Les restes de laine pour la production des Glozzinji peuvent \u00e9galement y \u00eatre donn\u00e9s ou r\u00e9cup\u00e9r\u00e9s. Dans l\u2019espace d&#8217;\u00e9change sp\u00e9cialement cr\u00e9\u00e9 \u00e0 cet effet, vous aurez la possibilit\u00e9 de vous exprimer, de t\u00e9l\u00e9charger des photos du processus, de partager des instructions de crochet et de tricot et d&#8217;entrer en contact avec d&#8217;autres participantes. L&#8217;\u00e9change, la rencontre &amp; la coop\u00e9ration doivent \u00eatre au c\u0153ur de notre projet.<\/p>\n<p>&nbsp;<\/p>\n<p>L&#8217;\u00e9quipe du projet se r\u00e9jouit d&#8217;avoir de vos nouvelles !<\/p>\n","protected":false},"excerpt":{"rendered":"<p>Cet \u00e9t\u00e9 2022, la Fondation du ch\u00e2teau de Lo\u00e8che invite les membres de la Soci\u00e9t\u00e9 suisse des femmes artistes en arts visuels SSFA (section Berne\/Romandie) \u00e0 pr\u00e9senter leurs \u0153uvres. Nous sommes des artistes de cette association professionnelle et souhaitons profiter de cette exposition d&#8217;\u00e9t\u00e9 pour lancer un projet socioculturel. Nous voulons ainsi toucher la population &hellip; <\/p>\n<p class=\"link-more\"><a href=\"https:\/\/www.omasglozzjini.ch\/?page_id=247&#038;lang=fr\" class=\"more-link\"><span class=\"screen-reader-text\">\u201eId\u00e9e\u201c<\/span> weiterlesen<\/a><\/p>\n","protected":false},"author":1,"featured_media":27,"parent":0,"menu_order":0,"comment_status":"closed","ping_status":"closed","template":"","meta":[],"_links":{"self":[{"href":"https:\/\/www.omasglozzjini.ch\/index.php?rest_route=\/wp\/v2\/pages\/247"}],"collection":[{"href":"https:\/\/www.omasglozzjini.ch\/index.php?rest_route=\/wp\/v2\/pages"}],"about":[{"href":"https:\/\/www.omasglozzjini.ch\/index.php?rest_route=\/wp\/v2\/types\/page"}],"author":[{"embeddable":true,"href":"https:\/\/www.omasglozzjini.ch\/index.php?rest_route=\/wp\/v2\/users\/1"}],"replies":[{"embeddable":true,"href":"https:\/\/www.omasglozzjini.ch\/index.php?rest_route=%2Fwp%2Fv2%2Fcomments&post=247"}],"version-history":[{"count":5,"href":"https:\/\/www.omasglozzjini.ch\/index.php?rest_route=\/wp\/v2\/pages\/247\/revisions"}],"predecessor-version":[{"id":450,"href":"https:\/\/www.omasglozzjini.ch\/index.php?rest_route=\/wp\/v2\/pages\/247\/revisions\/450"}],"wp:featuredmedia":[{"embeddable":true,"href":"https:\/\/www.omasglozzjini.ch\/index.php?rest_route=\/wp\/v2\/media\/27"}],"wp:attachment":[{"href":"https:\/\/www.omasglozzjini.ch\/index.php?rest_route=%2Fwp%2Fv2%2Fmedia&parent=247"}],"curies":[{"name":"wp","href":"https:\/\/api.w.org\/{rel}","templated":true}]}}