{"id":249,"date":"2022-03-22T06:56:52","date_gmt":"2022-03-22T05:56:52","guid":{"rendered":"https:\/\/www.omasglozzjini.ch\/?page_id=249"},"modified":"2022-04-21T10:17:16","modified_gmt":"2022-04-21T09:17:16","slug":"kontakt-fr","status":"publish","type":"page","link":"https:\/\/www.omasglozzjini.ch\/?page_id=249&lang=fr","title":{"rendered":"Contact"},"content":{"rendered":"<h4>Qui sommes-nous?<\/h4>\n<p><a href=\"http:\/\/www.fuxmattig.ch\/\"><em>Elisabeth Fux Mattig<\/em>,<\/a> 1972, artistes, membre de Visarte Valais &amp; de la SSFA Berne\/Romandie, habite &amp; travaille \u00e0 Brigue, VS<\/p>\n<p><a href=\"http:\/\/www.manuela-bruegger.ch\/\"><em>Manuela Br\u00fcgger<\/em> <\/a>, 1983, artiste et m\u00e9diatrice de l\u2019art, membre de Visarte Valais &amp; de la SSFA Berne\/Romandie, habite et travaille \u00e0 L\u00fctzelfl\u00fch-Goldbach, BE<\/p>\n<p><strong>Contact &amp; inscription: <\/strong><a href=\"mailto:info@omasglozzjini.ch\">info@omasglozzjini.ch<\/a><\/p>\n<p>Les Glozzjini achev\u00e9s peuvent nous \u00eatre remis sans interruption jusqu&#8217;au 25.5.2022 au plus tard, ou \u00e0 l&#8217;office du tourisme de Lo\u00e8che.<\/p>\n<p><a href=\"https:\/\/leuk.ch\/tourismus\"><strong><u>Tourismusb\u00fcro in Leuk<\/u><\/strong><\/a><strong>: <\/strong>Re\u00e7oit les inscriptions. En outre, les restes de laine destin\u00e9s \u00e0 la production des &#8222;glozzinji&#8220; peuvent \u00eatre donn\u00e9s ou r\u00e9cup\u00e9r\u00e9s. Il est \u00e9galement possible de d\u00e9poser les &#8222;Glozzjini&#8220; achev\u00e9s \u00e0 l&#8217;office du tourisme.<\/p>\n<p>Leuk Tourismus<br \/>\nBahnhof 6<br \/>\nCH-3952 Susten<\/p>\n<p>+41 27 473 10 94<br \/>\n<a href=\"mailto:info@leuk.ch\">info@leuktourismus.ch<\/a><\/p>\n<p>&nbsp;<\/p>\n<p><a href=\"http:\/\/www.facebook.com\/nonameshopvisp\/\"><strong><u>NoName Shop in Visp:<\/u><\/strong> <\/a>Accepte les glozzjinis achev\u00e9s. Il suffit de les apporter pendant les heures d&#8217;ouverture du magasin.<\/p>\n<p>Bahnhofstrasse 5<br \/>\n3930 Visp<\/p>\n<p>+41 27 946 76 76<\/p>\n<p>&nbsp;<\/p>\n<p><a href=\"https:\/\/www.omasglozzjini.ch\/info%40brautmode-wallis.ch\"><strong><u>all in one in Bri<\/u><\/strong><\/a><strong>g: <\/strong>Accepte les glozzjini achev\u00e9s pendant les heures d&#8217;ouverture du magasin.<\/p>\n<p>Furkastrasse 25<br \/>\n3900 Brig<\/p>\n<p>+41 27 924 23 18<\/p>\n","protected":false},"excerpt":{"rendered":"<p>Qui sommes-nous? Elisabeth Fux Mattig, 1972, artistes, membre de Visarte Valais &amp; de la SSFA Berne\/Romandie, habite &amp; travaille \u00e0 Brigue, VS Manuela Br\u00fcgger , 1983, artiste et m\u00e9diatrice de l\u2019art, membre de Visarte Valais &amp; de la SSFA Berne\/Romandie, habite et travaille \u00e0 L\u00fctzelfl\u00fch-Goldbach, BE Contact &amp; inscription: info@omasglozzjini.ch Les Glozzjini achev\u00e9s peuvent nous &hellip; <\/p>\n<p class=\"link-more\"><a href=\"https:\/\/www.omasglozzjini.ch\/?page_id=249&#038;lang=fr\" class=\"more-link\"><span class=\"screen-reader-text\">\u201eContact\u201c<\/span> weiterlesen<\/a><\/p>\n","protected":false},"author":1,"featured_media":26,"parent":0,"menu_order":0,"comment_status":"closed","ping_status":"closed","template":"","meta":[],"_links":{"self":[{"href":"https:\/\/www.omasglozzjini.ch\/index.php?rest_route=\/wp\/v2\/pages\/249"}],"collection":[{"href":"https:\/\/www.omasglozzjini.ch\/index.php?rest_route=\/wp\/v2\/pages"}],"about":[{"href":"https:\/\/www.omasglozzjini.ch\/index.php?rest_route=\/wp\/v2\/types\/page"}],"author":[{"embeddable":true,"href":"https:\/\/www.omasglozzjini.ch\/index.php?rest_route=\/wp\/v2\/users\/1"}],"replies":[{"embeddable":true,"href":"https:\/\/www.omasglozzjini.ch\/index.php?rest_route=%2Fwp%2Fv2%2Fcomments&post=249"}],"version-history":[{"count":6,"href":"https:\/\/www.omasglozzjini.ch\/index.php?rest_route=\/wp\/v2\/pages\/249\/revisions"}],"predecessor-version":[{"id":392,"href":"https:\/\/www.omasglozzjini.ch\/index.php?rest_route=\/wp\/v2\/pages\/249\/revisions\/392"}],"wp:featuredmedia":[{"embeddable":true,"href":"https:\/\/www.omasglozzjini.ch\/index.php?rest_route=\/wp\/v2\/media\/26"}],"wp:attachment":[{"href":"https:\/\/www.omasglozzjini.ch\/index.php?rest_route=%2Fwp%2Fv2%2Fmedia&parent=249"}],"curies":[{"name":"wp","href":"https:\/\/api.w.org\/{rel}","templated":true}]}}