{"id":251,"date":"2022-03-22T06:57:03","date_gmt":"2022-03-22T05:57:03","guid":{"rendered":"https:\/\/www.omasglozzjini.ch\/?page_id=251"},"modified":"2022-11-01T16:01:46","modified_gmt":"2022-11-01T15:01:46","slug":"partner-fr","status":"publish","type":"page","link":"https:\/\/www.omasglozzjini.ch\/?page_id=251&lang=fr","title":{"rendered":"Partenaires"},"content":{"rendered":"<p>Le projet est document\u00e9 par la photographe <a href=\"http:\/\/www.soblueweina.com\/\"><strong>Weina Venetz<\/strong><\/a> et soutenu par la <a href=\"http:\/\/www.sgbk-bern.ch\/\"><strong>SSFA Berne<\/strong><\/a>, la<strong> <a href=\"http:\/\/www.visarte-wallis.ch\/\">Visarte Valais<\/a><\/strong>, <a href=\"http:\/\/www.leuk.ch\/tourismus\"><strong>Leuk Tourismus<\/strong><\/a>, le <a href=\"http:\/\/www.facebook.com\/nonameshopvisp\/\"><strong>NoName<\/strong><\/a> Shop \u00e0 Vi\u00e8ge,<br \/>\n<a href=\"https:\/\/www.facebook.com\/Allineonebrig\/\"><strong>all in one<\/strong><\/a> \u00e0 Brigue et bien s\u00fbr la <a href=\"http:\/\/www.schlossleuk.ch\/\"><strong>Fondation du ch\u00e2teau de Lo\u00e8che<\/strong><\/a>.<\/p>\n<header class=\"entry-header\"><\/header>\n<h4>12 Institutions et foyers participants<\/h4>\n<header class=\"entry-header\"><\/header>\n<div class=\"entry-content\">\n<p><a href=\"http:\/\/www.fuxcampagna.ch\">Wohnheim Fux Campagna<\/a> Visp, <a href=\"http:\/\/www.stjosef-susten.ch\/site\/organisation\/ringacker\">AHP Ringacker<\/a> Leuk, <a href=\"http:\/\/www.villabernadette.ch\">Villa Bernadette<\/a> Lyss, <a href=\"https:\/\/mitmaensch.ch\/\">HPS MitM\u00e4nsch<\/a> Glis, <a href=\"http:\/\/www.martinsheim.ch\/allgemein\/home\">Martinsheim<\/a> Visp, <a href=\"https:\/\/www.seniorenzentrum-naters.ch\/\">Seniorenzentrum<\/a> in Naters, <a href=\"https:\/\/les-residences.ch\/de-ch\/unterems\/\">Alters- und Pflegeheim Emserberg<\/a> Unterems, das <a href=\"https:\/\/atelier-manus.ch\/\">Atelier Manus<\/a>\u00a0 Brig-Glis, <a href=\"https:\/\/www.emera.ch\/stiftung\/bringt-farbe-leben-47.html\">Stiftung Emera<\/a> Brig, <a href=\"http:\/\/www.stjosef.ch\">Heim St. Josef<\/a> Susten, <a href=\"http:\/\/www.sttheodul-fiesch.ch\">Regionales Alters-, Wohn &amp; Pflegeheim<\/a> in Fiesch &amp; das <a href=\"https:\/\/www.blumenau.ch\/\">Alters &amp; Pflegeheim Blumenau<\/a> Bauma<\/p>\n<\/div>\n<p>&nbsp;<\/p>\n<p><strong>24 Decken zusammen N\u00e4her*innen<br \/>\n<\/strong><\/p>\n<p>Heribert Br\u00fcgger, Margrith Br\u00fcgger, Jeaninne Lerjen, Verena Schaufelberger, Alice Venetz, C\u00e9cile Venetz, Brunhilde Matter, Nora Sommer, Weina Venetz, Helga Zumstein, Elena Oggier, Marie-Therese Mattig, Ruth Karlen, Cynthia Mattig, Sophia Fux, Michelle Ringeisen, Esther Gischig, Ursula Bovey, C\u00e9cile mit den sch\u00f6nen Ringen, Margareth Gravina Sewer &amp; Isabelle Althaus<\/p>\n<p>Mit speziellem Dank an Brigitte Bettschen!<\/p>\n<p>&nbsp;<\/p>\n<p><strong>181 Personnes priv\u00e9es participantes, groupe de crochet &amp; tricotage<\/strong><\/p>\n<p>Silvia Fux, Michelle Mattig, Cynthia Mattig, Leandra Mengis, Christine Ruppen, Kristin Fux, Elena Bieler, Petra Russi, Nicole Cascuio Furrer, Elisabeth Furrer Bumann, Marlis Schmidt Kuonen, Rosalia Theler, Nicole Schaller, Alice Noti, Jo\u00eblle Imhof, Chantal Forno, Kathrin Burgener, Patricia K\u00fcnzi, Marianne Ruppen, Juliane Eve-Marie Fux, Ruth-Maria Bittel, Susanne J\u00e4ger, Lydia Clemenz-Ritz, Fabienne Salzmann Walther, Marlise Salzmann, Isabelle Salzmann, Marianne Ruppen, Verena Schaufelberger, Benita Bieler, Franziska Jost, Marie-Anne Scherrer, Nora Sommer, Corinne Kalbermatten, Beatrice Zanella, Alice Venetz, Rosmarie H\u00e4usler, Helga Zumstein, Petra Fankhauser, Sabine Kaeser, Beatrice Sutter, Sandra R\u00e4ber Baumann, Sophia Fux, Zoja Br\u00fclisauer, Sonja Abgottspon L\u00f6tscher, Stefanie Husi-Giessmann, Maria Wenczel, Patrizia Wigger-Duss, Hannelore Pfeiffer, Bianca Burgener, Diana Verasani, Eliane Wiliner, Christine Krebs, Mary-Christine Thommen, Brigitte Niederh\u00e4user, Anna Niederh\u00e4user, Doris Scheuermeister, Alexandra Matter, Brunhilde Matter, Silvia Sch\u00e4rer, Ursi Zulauf, Fabienne Theler, Erika R\u00f6schli, Heidi Zj\u00f6rien, Charlotte J\u00e4ger, Gabriela L\u00f6tscher, Elvira Oggier, Margrith Br\u00fcgger, Susanne Borter, Ruth Moser, Katharina Moser, Lisette Wahli, Marlise Burgener, Petra Russi, Sacha B\u00e4hler, Prosperina Anthamatten, Christine Frey, Renata Millius, Danielle Theler-Ballmer, Elsbeth K\u00fcffer, Rina Santoli, Alice Venetz, C\u00e9cile Venetz, Giannina Visini, Susi Brenner, Cecile Chung, Alberta Grand, Monika Fischer, Katharina Werlen, Elisabeth Furrer, Ruth Meichtry, Caroline Grand, K\u00e4thy Rohner, Fabienne Theler, Yvonne Steiner, Silvia K\u00e4hlin, Miriam Oswald, Anny Arnold, Isabelle Adam, Mirella Lerjen, Therese Streun, Michelle Ringeisesn, Brigitte Bettschen, Ursula Bovey, Ruth Righetti, Bernadette Haymoz, Lia Arnold, Joya Arnold, Chantal Boutelllier-Andenmatten, Rosmarie Berberat-Witschi, Edith Forno, Anita Biasca-Grand, Chista Eingenheer, Irina Nocetto, Elena Oggier, Leonie, Verena Fux, Marie-Therese Mattig, Ruth Karlen, Kathrin Bellwald, Frieda Imstepf, Rosina Walther, Urslua Germann, Ruth Josi, Urslua L\u00fcthi, Barbara Grichting Grand, Anna Grichting, Fabiola In-Albon, V. Schretter, Daria Amherd, Erika Inglin, Irene Furger, Regula Bill, Barbara B\u00e4hler, Irmina Imesch-Studer, F.C., Birk Obrist, Margret, Mazotti, Marlen J\u00e4ger , Andrea Locher, Rosmarie Hulliger, Elsa Zumofen, Blanka Steiner, Petra Varonier, Marielle Moser, Tichonow, Ilse, Ursula Steiner, Marielle Moser, Bernadette Bregy, Marie-Claire Bieli, Susanna K\u00e4nzig, Esther Doming, Doris Beney-Dirren, Margot Grand, Fifine Imboden, Claudia Marty, Barbara Hischier, Ewald Meichtry, Jones Gordon, Evi Zahno, Manuela Br\u00fcgger, Elisabeth Fux Mattig, Sigrid Mattig, Michelle Ringeisen, Ren\u00e9 Wyssen, Sabine Jo Balerna, Annine Eggel, Brigitte Lauber, Sandra Grossmann, Anita Steffen, Roman Perren, Franziska Jost, Jeannine Lerjien, Susanna K\u00e4nzig!<\/p>\n<h4 style=\"text-align: center;\"><strong>\u00a0\u00a0\u00a0\u00a0 <\/strong><strong>MERCI!<\/strong><\/h4>\n<p>&nbsp;<\/p>\n<p><strong>Partenaires<\/strong><\/p>\n<p><img loading=\"lazy\" class=\"alignnone wp-image-282\" src=\"https:\/\/www.omasglozzjini.ch\/wp-content\/uploads\/2022\/03\/SchlossLeuk-1-300x165.png\" alt=\"\" width=\"140\" height=\"83\" \/> \u00a0\u00a0\u00a0\u00a0\u00a0 <img loading=\"lazy\" class=\"alignnone wp-image-283\" src=\"https:\/\/www.omasglozzjini.ch\/wp-content\/uploads\/2022\/03\/sgbk-1.jpg\" alt=\"\" width=\"76\" height=\"76\" srcset=\"https:\/\/www.omasglozzjini.ch\/wp-content\/uploads\/2022\/03\/sgbk-1.jpg 130w, https:\/\/www.omasglozzjini.ch\/wp-content\/uploads\/2022\/03\/sgbk-1-100x100.jpg 100w\" sizes=\"(max-width: 76px) 100vw, 76px\" \/> \u00a0\u00a0\u00a0\u00a0\u00a0\u00a0\u00a0\u00a0\u00a0\u00a0 <img loading=\"lazy\" class=\"alignnone wp-image-286\" src=\"https:\/\/www.omasglozzjini.ch\/wp-content\/uploads\/2022\/03\/visarteVS-1.jpg\" alt=\"\" width=\"135\" height=\"79\" \/><\/p>\n<p><img loading=\"lazy\" class=\"alignnone wp-image-284\" src=\"https:\/\/www.omasglozzjini.ch\/wp-content\/uploads\/2022\/03\/TourismusLeuk-1-300x102.jpg\" alt=\"\" width=\"170\" height=\"66\" \/> \u00a0\u00a0\u00a0 <img loading=\"lazy\" class=\"alignnone wp-image-280\" src=\"https:\/\/www.omasglozzjini.ch\/wp-content\/uploads\/2022\/03\/NoNameLogo-1-300x90.jpg\" alt=\"\" width=\"149\" height=\"49\" \/> \u00a0 \u00a0 \u00a0 <img loading=\"lazy\" class=\"alignnone wp-image-463\" src=\"https:\/\/www.omasglozzjini.ch\/wp-content\/uploads\/2022\/05\/TolleWolle-300x123.png\" alt=\"\" width=\"129\" height=\"55\" \/><\/p>\n<p><img loading=\"lazy\" class=\"alignnone wp-image-464\" src=\"https:\/\/www.omasglozzjini.ch\/wp-content\/uploads\/2022\/05\/all-in-one-300x92.png\" alt=\"\" width=\"111\" height=\"37\" \/><\/p>\n<h4>Sponsors<\/h4>\n<p><img loading=\"lazy\" class=\"alignnone wp-image-285\" src=\"https:\/\/www.omasglozzjini.ch\/wp-content\/uploads\/2022\/03\/VillaBernadette-1-300x222.jpg\" alt=\"\" width=\"111\" height=\"82\" srcset=\"https:\/\/www.omasglozzjini.ch\/wp-content\/uploads\/2022\/03\/VillaBernadette-1-300x222.jpg 300w, https:\/\/www.omasglozzjini.ch\/wp-content\/uploads\/2022\/03\/VillaBernadette-1-1024x758.jpg 1024w, https:\/\/www.omasglozzjini.ch\/wp-content\/uploads\/2022\/03\/VillaBernadette-1-768x568.jpg 768w, https:\/\/www.omasglozzjini.ch\/wp-content\/uploads\/2022\/03\/VillaBernadette-1-1536x1137.jpg 1536w, https:\/\/www.omasglozzjini.ch\/wp-content\/uploads\/2022\/03\/VillaBernadette-1-2048x1515.jpg 2048w\" sizes=\"(max-width: 111px) 100vw, 111px\" \/> \u00a0 \u00a0 \u00a0 <img loading=\"lazy\" class=\"alignnone wp-image-279\" src=\"https:\/\/www.omasglozzjini.ch\/wp-content\/uploads\/2022\/03\/kulturVS-1.jpg\" alt=\"\" width=\"115\" height=\"90\" \/> \u00a0 <img loading=\"lazy\" class=\"alignnone wp-image-435\" src=\"https:\/\/www.omasglozzjini.ch\/wp-content\/uploads\/2022\/05\/Logo_FGE_MK_sw_300dpi_DE-1-300x69.jpg\" alt=\"\" width=\"206\" height=\"56\" \/><\/p>\n<p><img loading=\"lazy\" class=\"alignnone wp-image-436\" src=\"https:\/\/www.omasglozzjini.ch\/wp-content\/uploads\/2022\/05\/LogoVisp-300x117.png\" alt=\"\" width=\"165\" height=\"75\" \/> \u00a0 \u00a0\u00a0 <img loading=\"lazy\" class=\"alignnone wp-image-471\" src=\"https:\/\/www.omasglozzjini.ch\/wp-content\/uploads\/2022\/05\/logo_brig.png\" alt=\"\" width=\"134\" height=\"60\" \/> \u00a0\u00a0\u00a0\u00a0 <img loading=\"lazy\" class=\"alignnone wp-image-472\" src=\"https:\/\/www.omasglozzjini.ch\/wp-content\/uploads\/2022\/05\/LotterieRomande-300x102.png\" alt=\"\" width=\"156\" height=\"49\" \/><\/p>\n<p><img loading=\"lazy\" class=\"alignnone wp-image-647\" src=\"https:\/\/www.omasglozzjini.ch\/wp-content\/uploads\/2022\/08\/Gleichstellung-undFamilie-1-300x91.png\" alt=\"\" width=\"206\" height=\"61\" srcset=\"https:\/\/www.omasglozzjini.ch\/wp-content\/uploads\/2022\/08\/Gleichstellung-undFamilie-1-300x91.png 300w, https:\/\/www.omasglozzjini.ch\/wp-content\/uploads\/2022\/08\/Gleichstellung-undFamilie-1-1024x310.png 1024w, https:\/\/www.omasglozzjini.ch\/wp-content\/uploads\/2022\/08\/Gleichstellung-undFamilie-1-768x233.png 768w, https:\/\/www.omasglozzjini.ch\/wp-content\/uploads\/2022\/08\/Gleichstellung-undFamilie-1.png 1274w\" sizes=\"(max-width: 206px) 100vw, 206px\" \/> \u00a0 <img loading=\"lazy\" class=\"alignnone wp-image-278\" src=\"https:\/\/www.omasglozzjini.ch\/wp-content\/uploads\/2022\/03\/GemeindeLeuk-1.jpg\" alt=\"\" width=\"155\" height=\"64\" srcset=\"https:\/\/www.omasglozzjini.ch\/wp-content\/uploads\/2022\/03\/GemeindeLeuk-1.jpg 399w, https:\/\/www.omasglozzjini.ch\/wp-content\/uploads\/2022\/03\/GemeindeLeuk-1-300x124.jpg 300w\" sizes=\"(max-width: 155px) 100vw, 155px\" \/><\/p>\n","protected":false},"excerpt":{"rendered":"<p>Le projet est document\u00e9 par la photographe Weina Venetz et soutenu par la SSFA Berne, la Visarte Valais, Leuk Tourismus, le NoName Shop \u00e0 Vi\u00e8ge, all in one \u00e0 Brigue et bien s\u00fbr la Fondation du ch\u00e2teau de Lo\u00e8che. 12 Institutions et foyers participants Wohnheim Fux Campagna Visp, AHP Ringacker Leuk, Villa Bernadette Lyss, HPS &hellip; <\/p>\n<p class=\"link-more\"><a href=\"https:\/\/www.omasglozzjini.ch\/?page_id=251&#038;lang=fr\" class=\"more-link\"><span class=\"screen-reader-text\">\u201ePartenaires\u201c<\/span> weiterlesen<\/a><\/p>\n","protected":false},"author":1,"featured_media":48,"parent":0,"menu_order":0,"comment_status":"closed","ping_status":"closed","template":"","meta":[],"_links":{"self":[{"href":"https:\/\/www.omasglozzjini.ch\/index.php?rest_route=\/wp\/v2\/pages\/251"}],"collection":[{"href":"https:\/\/www.omasglozzjini.ch\/index.php?rest_route=\/wp\/v2\/pages"}],"about":[{"href":"https:\/\/www.omasglozzjini.ch\/index.php?rest_route=\/wp\/v2\/types\/page"}],"author":[{"embeddable":true,"href":"https:\/\/www.omasglozzjini.ch\/index.php?rest_route=\/wp\/v2\/users\/1"}],"replies":[{"embeddable":true,"href":"https:\/\/www.omasglozzjini.ch\/index.php?rest_route=%2Fwp%2Fv2%2Fcomments&post=251"}],"version-history":[{"count":16,"href":"https:\/\/www.omasglozzjini.ch\/index.php?rest_route=\/wp\/v2\/pages\/251\/revisions"}],"predecessor-version":[{"id":744,"href":"https:\/\/www.omasglozzjini.ch\/index.php?rest_route=\/wp\/v2\/pages\/251\/revisions\/744"}],"wp:featuredmedia":[{"embeddable":true,"href":"https:\/\/www.omasglozzjini.ch\/index.php?rest_route=\/wp\/v2\/media\/48"}],"wp:attachment":[{"href":"https:\/\/www.omasglozzjini.ch\/index.php?rest_route=%2Fwp%2Fv2%2Fmedia&parent=251"}],"curies":[{"name":"wp","href":"https:\/\/api.w.org\/{rel}","templated":true}]}}