{"id":253,"date":"2022-03-22T06:57:24","date_gmt":"2022-03-22T05:57:24","guid":{"rendered":"https:\/\/www.omasglozzjini.ch\/?page_id=253"},"modified":"2022-04-26T10:16:05","modified_gmt":"2022-04-26T09:16:05","slug":"strick-haekelanleitung-fr","status":"publish","type":"page","link":"https:\/\/www.omasglozzjini.ch\/?page_id=253&lang=fr","title":{"rendered":"Instructions de tricotage et crochet"},"content":{"rendered":"<h4><strong>Alternative simple (une couleur)<\/strong><\/h4>\n<p><img loading=\"lazy\" class=\"alignnone size-medium wp-image-272\" src=\"https:\/\/www.omasglozzjini.ch\/wp-content\/uploads\/2022\/03\/Bildschirmfoto-2022-03-22-um-09.02.29-300x231.png\" alt=\"\" width=\"300\" height=\"231\" srcset=\"https:\/\/www.omasglozzjini.ch\/wp-content\/uploads\/2022\/03\/Bildschirmfoto-2022-03-22-um-09.02.29-300x231.png 300w, https:\/\/www.omasglozzjini.ch\/wp-content\/uploads\/2022\/03\/Bildschirmfoto-2022-03-22-um-09.02.29.png 470w\" sizes=\"(max-width: 300px) 100vw, 300px\" \/><\/p>\n<p>Tricoter un carr\u00e9 de couleur unie.<\/p>\n<p>Taille :<br \/>\nenv. 17x17cm<\/p>\n<h4>Courtes de crochet &#8222;la fleur \u00e0 huit p\u00e9tales<\/h4>\n<p><img loading=\"lazy\" class=\"alignnone size-medium wp-image-267\" src=\"https:\/\/www.omasglozzjini.ch\/wp-content\/uploads\/2022\/03\/GlozzjiniElisabeth-300x213.jpg\" alt=\"\" width=\"300\" height=\"213\" srcset=\"https:\/\/www.omasglozzjini.ch\/wp-content\/uploads\/2022\/03\/GlozzjiniElisabeth-300x213.jpg 300w, https:\/\/www.omasglozzjini.ch\/wp-content\/uploads\/2022\/03\/GlozzjiniElisabeth-768x545.jpg 768w, https:\/\/www.omasglozzjini.ch\/wp-content\/uploads\/2022\/03\/GlozzjiniElisabeth.jpg 1024w\" sizes=\"(max-width: 300px) 100vw, 300px\" \/><\/p>\n<p>Mat\u00e9riel : Crochet n\u00b0 3.5<br \/>\nFil \u00e0 crochet \u00e9pais, laine \u00e0 tricoter&#8230;. R\u00e9cup\u00e9ration de restes de laine<\/p>\n<p>Dimensions : env. 17x17cm<\/p>\n<p>Avec trois couleurs de fil : Fil A, fil B, fil C Premier cercle (fil A)<\/p>\n<p>Instructions:<\/p>\n<p>Pour le premier cercle: 8 chainettes (mailles en l\u2019air) fermer le cercle en faisant une petite maille (maille coul\u00e9e) dans la premi\u00e8re maille chainette.<br \/>\n<em>Tour 1:<\/em> 1 chainette, 16 mailles serr\u00e9es dans le cercle pr\u00e9c\u00e9dent, fermer le cercle en faisant une petite maille dans la premi\u00e8re maille serr\u00e9e.<br \/>\n<em>Tour 2:<\/em>\u00a0 5 chainettes et 1 bride (3 chainettes) dans chaque 2\u00e8me maille serr\u00e9e du tour pr\u00e9c\u00e9dent ; r\u00e9p\u00e9ter 7 fois (en tout 8 fois), fermer le rond en faisant une petite maille dans la troisi\u00e8me chainette. Couper le fil et passer le par la maille.<br \/>\n<em>Tour 3 (fil B)<\/em>: commencer dans une des 5 chainettes des sections de la ronde pr\u00e9c\u00e9dente, 1 chainette. p\u00e9tale: 1 maille serr\u00e9e, 1 demi-bride, 1 bride, 2 doubles brides, 1 chainette, 2 doubles brides, 1 bride, 1 demi-bride, 1 maille serr\u00e9e dans les cercles de chainettes du rond pr\u00e9c\u00e9dent. Fermer le rond en faisant une petite maille dans la 1<sup>i\u00e8re<\/sup> maille serr\u00e9e ; couper le fil et passer le par la maille<br \/>\n<em>Tour 4 (fil C<\/em>): ajouter une nouvelle couleur \u00e0 une chainette du tour pr\u00e9c\u00e9dent (au milieu du p\u00e9tale), 1 chainette. 1 maille serr\u00e9e, 7 chainettes, 1 maille serr\u00e9e au milieu du p\u00e9tale suivant, r\u00e9p\u00e9ter. Fermer le rond en faisant une petite maille dans la 1<sup>i\u00e8re<\/sup> maille serr\u00e9e<br \/>\n<em>Tour 5:<\/em> 1 chainette. Crocheter 7 mailles serr\u00e9es dans le cercle de chainettes du tour pr\u00e9c\u00e9dent, 6 mailles serr\u00e9es \u2013 3 chainettes \u2013 6 mailles serr\u00e9es dans le cercle de chainettes suivant ; r\u00e9p\u00e9ter \u00e0 l\u2019alternance. Fermer le rond en faisant une petite maille dans la 1<sup>i\u00e8re<\/sup> maille serr\u00e9e.<br \/>\n<em>Tour 6: <\/em>1 chainette. Crocheter des mailles serr\u00e9es dans les mailles serr\u00e9es du tour pr\u00e9c\u00e9dent et 1 maille serr\u00e9e &#8211; 3 chainettes \u2013 1 maille serr\u00e9e dans chacun des anneaux d&#8217;angle. Fermer le rond en faisant une petite maille dans la 1<sup>i\u00e8re<\/sup> maille serr\u00e9e.<br \/>\n<em>Tour 7: <\/em>3 chainettes. 1 chainette et 1 bride dans chaque deuxi\u00e8me maille serr\u00e9e du tour pr\u00e9c\u00e9dent, 1 bride \u2013 3 chainettes \u2013 1 bride dans chacun des anneaux d\u2019angle. Fermer le rond avec une petite maille dans le 3<sup>i\u00e8me<\/sup> chainette du tour pr\u00e9c\u00e9dent, passer le fil avec le fil de la nouvelle couleur par la maille.<br \/>\n<em>Tour 8: <\/em>3 chainettes. 2 brides dans chaque cercle de chainettes du tour pr\u00e9c\u00e9dent, 1 bride \u2013 3 chainettes \u2013 1 bride dans chacun des anneaux d\u2019angle. Fermer le rond avec une petite maille dans le 3<sup>i\u00e8me<\/sup> chainette du tour pr\u00e9c\u00e9dent, passer le fil avec le fil de la nouvelle couleur par la maille.<br \/>\n<em>Tour 9: <\/em>2 chainettes. Crocheter des demi-brides dans chaque bride du tour pr\u00e9c\u00e9dent, 3 demi-brides dans chacun des anneaux d\u2019angle. Fermer le rond avec une petite maille dans le 2<sup>i\u00e8me<\/sup> chainette, couper le fil, passer le fil par la maille, arr\u00eater les fils.<\/p>\n<p><img loading=\"lazy\" class=\"alignnone size-medium wp-image-265\" src=\"https:\/\/www.omasglozzjini.ch\/wp-content\/uploads\/2022\/03\/achtbla\u0308ttrige-Blu\u0308te-2-293x300.jpg\" alt=\"\" width=\"293\" height=\"300\" srcset=\"https:\/\/www.omasglozzjini.ch\/wp-content\/uploads\/2022\/03\/achtbla\u0308ttrige-Blu\u0308te-2-293x300.jpg 293w, https:\/\/www.omasglozzjini.ch\/wp-content\/uploads\/2022\/03\/achtbla\u0308ttrige-Blu\u0308te-2-1002x1024.jpg 1002w, https:\/\/www.omasglozzjini.ch\/wp-content\/uploads\/2022\/03\/achtbla\u0308ttrige-Blu\u0308te-2-768x785.jpg 768w, https:\/\/www.omasglozzjini.ch\/wp-content\/uploads\/2022\/03\/achtbla\u0308ttrige-Blu\u0308te-2-1502x1536.jpg 1502w, https:\/\/www.omasglozzjini.ch\/wp-content\/uploads\/2022\/03\/achtbla\u0308ttrige-Blu\u0308te-2-2003x2048.jpg 2003w\" sizes=\"(max-width: 293px) 100vw, 293px\" \/><\/p>\n<p>Variations :<br \/>\n4 ou 5 couleurs de fil<\/p>\n<p>Les instructions de crochet de la fleur \u00e0 huit p\u00e9tales sont tir\u00e9es du livre &#8218;die Granny-Square-Bibel&#8216; de Sarah Hazell.<\/p>\n<p><a href=\"https:\/\/www.omasglozzjini.ch\/wp-content\/uploads\/2022\/04\/Ha\u0308kelanleitung-per-Video-1.mov\">Ha\u0308kelanleitung per Video<\/a><\/p>\n","protected":false},"excerpt":{"rendered":"<p>Alternative simple (une couleur) Tricoter un carr\u00e9 de couleur unie. Taille : env. 17x17cm Courtes de crochet &#8222;la fleur \u00e0 huit p\u00e9tales Mat\u00e9riel : Crochet n\u00b0 3.5 Fil \u00e0 crochet \u00e9pais, laine \u00e0 tricoter&#8230;. R\u00e9cup\u00e9ration de restes de laine Dimensions : env. 17x17cm Avec trois couleurs de fil : Fil A, fil B, fil C &hellip; <\/p>\n<p class=\"link-more\"><a href=\"https:\/\/www.omasglozzjini.ch\/?page_id=253&#038;lang=fr\" class=\"more-link\"><span class=\"screen-reader-text\">\u201eInstructions de tricotage et crochet\u201c<\/span> weiterlesen<\/a><\/p>\n","protected":false},"author":1,"featured_media":0,"parent":0,"menu_order":0,"comment_status":"closed","ping_status":"closed","template":"","meta":[],"_links":{"self":[{"href":"https:\/\/www.omasglozzjini.ch\/index.php?rest_route=\/wp\/v2\/pages\/253"}],"collection":[{"href":"https:\/\/www.omasglozzjini.ch\/index.php?rest_route=\/wp\/v2\/pages"}],"about":[{"href":"https:\/\/www.omasglozzjini.ch\/index.php?rest_route=\/wp\/v2\/types\/page"}],"author":[{"embeddable":true,"href":"https:\/\/www.omasglozzjini.ch\/index.php?rest_route=\/wp\/v2\/users\/1"}],"replies":[{"embeddable":true,"href":"https:\/\/www.omasglozzjini.ch\/index.php?rest_route=%2Fwp%2Fv2%2Fcomments&post=253"}],"version-history":[{"count":10,"href":"https:\/\/www.omasglozzjini.ch\/index.php?rest_route=\/wp\/v2\/pages\/253\/revisions"}],"predecessor-version":[{"id":406,"href":"https:\/\/www.omasglozzjini.ch\/index.php?rest_route=\/wp\/v2\/pages\/253\/revisions\/406"}],"wp:attachment":[{"href":"https:\/\/www.omasglozzjini.ch\/index.php?rest_route=%2Fwp%2Fv2%2Fmedia&parent=253"}],"curies":[{"name":"wp","href":"https:\/\/api.w.org\/{rel}","templated":true}]}}