{"id":32,"date":"2022-03-02T08:58:43","date_gmt":"2022-03-02T07:58:43","guid":{"rendered":"https:\/\/www.omasglozzjini.ch\/?page_id=32"},"modified":"2022-04-26T07:36:14","modified_gmt":"2022-04-26T06:36:14","slug":"strick-haekelanleitung","status":"publish","type":"page","link":"https:\/\/www.omasglozzjini.ch\/?page_id=32","title":{"rendered":"strick &#038; h\u00e4kelanleitung"},"content":{"rendered":"<p><strong>Einfache Alternative (einfarbig)<\/strong><\/p>\n<p>Einfarbiges Quadrat stricken.<\/p>\n<p>Gr\u00f6sse:<br \/>\nca. 17x17cm<\/p>\n<p>&nbsp;<\/p>\n<p><strong>Achtbl\u00e4ttrige Bl\u00fcte (dreifarbig)<\/strong><\/p>\n<p><img loading=\"lazy\" class=\"alignnone size-medium wp-image-79\" src=\"https:\/\/www.omasglozzjini.ch\/wp-content\/uploads\/2022\/03\/GrannySquares-300x213.jpg\" alt=\"\" width=\"300\" height=\"213\" srcset=\"https:\/\/www.omasglozzjini.ch\/wp-content\/uploads\/2022\/03\/GrannySquares-300x213.jpg 300w, https:\/\/www.omasglozzjini.ch\/wp-content\/uploads\/2022\/03\/GrannySquares-1024x727.jpg 1024w, https:\/\/www.omasglozzjini.ch\/wp-content\/uploads\/2022\/03\/GrannySquares-768x545.jpg 768w, https:\/\/www.omasglozzjini.ch\/wp-content\/uploads\/2022\/03\/GrannySquares-1536x1091.jpg 1536w, https:\/\/www.omasglozzjini.ch\/wp-content\/uploads\/2022\/03\/GrannySquares-2048x1455.jpg 2048w\" sizes=\"(max-width: 300px) 100vw, 300px\" \/><\/p>\n<p>Der Kreis im Muster steht f\u00fcr Selbstst\u00e4ndigkeit, die Form des Quadrats f\u00fcr die M\u00f6glichkeit, sich zu einem gr\u00f6sseren Ganzen zu verbinden.<\/p>\n<p>Material: H\u00e4kelnadel Nr.3.5<br \/>\nDickes H\u00e4kelgarn, Strickwolle\u2026. Verwertung von Restwolle<\/p>\n<p>Gr\u00f6sse:<br \/>\nca. 17x17cm<\/p>\n<p>H\u00e4kelanleitung:<\/p>\n<p>Mit drei Garnfarben: Garn A, Garn B, Garn C<br \/>\nAnfangsring: Mit Garn A 8 Lm anschl und mit 1 Km zur Runde schliessen.<br \/>\nRunde 1: 1 Lm, 16 fM in den Ring, Rd mit 1 Km in die 1. M schliessen.<br \/>\nRunde 2: 8 Lm (z\u00e4hlen als 1 Stb und 5 Lm), (1 fM \u00fcberg, 1Stb in die folg fM, 5 Lm) x 7. Letzte fM \u00fcberg, Rd mit 1 Km in die 3. der 8 Lm schliessen. Garn A abschneiden und durchziehen.<br \/>\nRunde 3: Garn B an einen 5-Lm-ZR der Vor-Rd anf\u00fcgen, 1 Lm, (1 fM, 1 hStb, 1 Stb, 2 DStb, 1 Lm, 2 DStb, 1 Stb, 1 hStb, 1 fM) in jeden 5-Lm-ZR der Vor-Rd arb, Rd mit Km in die 1. fM schliessen. Garn B abschneiden und durchziehen.<br \/>\nRunde 4: Garn C an einen Lm-ZR der Vor-Rd anf\u00fcgen, 1 Lm, 1 fM in denselben Lm-ZR, (7 Lm, 1 fM in den folg Lm-ZR, 9 Lm, 1 fM im dem folg Lm-ZR) x 4, dabei anstatt der letzten fM die Rd mit 1 Km in die 1. fM schliessen.<br \/>\nRunde 5: 1 Km in den 1. 7-Lm-ZR, 1 Lm, *7 fM in den folg 7-Lm-ZR, (6 fM, 3 Lm, 6 fM) in den folg 9-Lm-ZR, ab * noch 3 x wdh, Rd mit 1 Km in die 1. fM schliessen.<br \/>\nRunde 6: 1 Lm , 1 fM in die 1.fM der Vor-Rd, 1 fM in jede der folg 12 fM, *(1 fM, 3 Lm, 1 fM) in den folg 3-Lm-ZR, 1 fM in jede der folg 19 fM, ab* noch 2 x wdh, (1 fM, 3 Lm, 1 fM) in den letzten 3-Lm-ZR, 1 fM in jede der letzten 6 fM, Rd mit 1 Km in die 1. fM schliessen.<br \/>\nRunde 7: 4 Lm (z\u00e4hlen als 1 Stb und 1 Lm), (1 fM \u00fcberg, 1 Stb in die folg fM, 1 Lm) x 6, *1 fM \u00fcberg, (1 Stb, 3 Lm, 1 Stb) in den folg 3-Lm-ZR, 1 Lm, (1 fM \u00fcberg, 1 Stb in die folg fM, 1 Lm) x 10, ab * noch 2 x wdh, 1fM \u00fcberg, (1 Stb, 3 Lm, 1 Stb) in den folg 3-Lm-ZR, 1 Lm, (1 fM \u00fcberg, 1 Stb in die folg fM, 1 Lm) x 3, Rd mit 1 Km in die 3. der 4 Lm schliessen, dabei auf Garn A wechseln, Garn C abschneiden.<br \/>\nRunde 8: 3 Lm (z\u00e4hlen als 1 Stb), 1 Stb in jedes Stb und jeden Lm-ZR und (1 Stb, 3 Lm, 1 Stb) in jeden 3-Lm-Eck-ZR der Vor-Rd arb, Rd mit 1 Km in die obere der 3 Anf-Lm schliessen, dabei auf Garn B wechseln, Garn A abschneiden.<br \/>\nRunde 9: 2 Lm (z\u00e4hlen als 1 hStb), 1 hStb in jedes Stb und 3 hStb in jeden 3-Lm-Eck-ZR der Vor-Rd arb, Rd mit 1 Km in die obere der 3 Anf-Lm schliessen.<\/p>\n<p><img loading=\"lazy\" class=\"alignnone size-medium wp-image-54\" src=\"https:\/\/www.omasglozzjini.ch\/wp-content\/uploads\/2022\/03\/achtbla\u0308ttrige-Blu\u0308te-293x300.jpg\" alt=\"\" width=\"293\" height=\"300\" srcset=\"https:\/\/www.omasglozzjini.ch\/wp-content\/uploads\/2022\/03\/achtbla\u0308ttrige-Blu\u0308te-293x300.jpg 293w, https:\/\/www.omasglozzjini.ch\/wp-content\/uploads\/2022\/03\/achtbla\u0308ttrige-Blu\u0308te-1002x1024.jpg 1002w, https:\/\/www.omasglozzjini.ch\/wp-content\/uploads\/2022\/03\/achtbla\u0308ttrige-Blu\u0308te-768x785.jpg 768w, https:\/\/www.omasglozzjini.ch\/wp-content\/uploads\/2022\/03\/achtbla\u0308ttrige-Blu\u0308te-1502x1536.jpg 1502w, https:\/\/www.omasglozzjini.ch\/wp-content\/uploads\/2022\/03\/achtbla\u0308ttrige-Blu\u0308te-2003x2048.jpg 2003w\" sizes=\"(max-width: 293px) 100vw, 293px\" \/><\/p>\n<p>Variationen:<br \/>\n4 oder 5 Garnfarben<\/p>\n<p>Die H\u00e4kelanleitung der achtbl\u00e4ttrigen Bl\u00fcte haben wir dem Buch \u2018die Granny-Square-Bibel\u2019 von Sarah Hazell entnommen.<\/p>\n<!--[if lt IE 9]><script>document.createElement('video');<\/script><![endif]-->\n\t<div class=\"wp-playlist wp-video-playlist wp-playlist-light\">\n\t\t<video controls=\"controls\" preload=\"none\" width=\"503\"\n\t\t height=\"283\"\t><\/video>\n\t<div class=\"wp-playlist-next\"><\/div>\n\t<div class=\"wp-playlist-prev\"><\/div>\n\t<noscript>\n\t<ol>\n\t\t<li><a href='https:\/\/www.omasglozzjini.ch\/wp-content\/uploads\/2022\/04\/Ha\u0308kelanleitung-per-Video.mov'>Ha\u0308kelanleitung per Video<\/a><\/li>\t<\/ol>\n\t<\/noscript>\n\t<script type=\"application\/json\" class=\"wp-playlist-script\">{\"type\":\"video\",\"tracklist\":true,\"tracknumbers\":true,\"images\":true,\"artists\":true,\"tracks\":[{\"src\":\"https:\\\/\\\/www.omasglozzjini.ch\\\/wp-content\\\/uploads\\\/2022\\\/04\\\/Ha\\u0308kelanleitung-per-Video.mov\",\"type\":\"video\\\/quicktime\",\"title\":\"Ha\\u0308kelanleitung per Video\",\"caption\":\"\",\"description\":\"\",\"meta\":{\"length_formatted\":\"15:14\"},\"dimensions\":{\"original\":{\"width\":1920,\"height\":1080},\"resized\":{\"width\":503,\"height\":283}},\"image\":{\"src\":\"https:\\\/\\\/www.omasglozzjini.ch\\\/wp-includes\\\/images\\\/media\\\/video.png\",\"width\":48,\"height\":64},\"thumb\":{\"src\":\"https:\\\/\\\/www.omasglozzjini.ch\\\/wp-includes\\\/images\\\/media\\\/video.png\",\"width\":48,\"height\":64}}]}<\/script>\n<\/div>\n\t\n","protected":false},"excerpt":{"rendered":"<p>Einfache Alternative (einfarbig) Einfarbiges Quadrat stricken. Gr\u00f6sse: ca. 17x17cm &nbsp; Achtbl\u00e4ttrige Bl\u00fcte (dreifarbig) Der Kreis im Muster steht f\u00fcr Selbstst\u00e4ndigkeit, die Form des Quadrats f\u00fcr die M\u00f6glichkeit, sich zu einem gr\u00f6sseren Ganzen zu verbinden. Material: H\u00e4kelnadel Nr.3.5 Dickes H\u00e4kelgarn, Strickwolle\u2026. Verwertung von Restwolle Gr\u00f6sse: ca. 17x17cm H\u00e4kelanleitung: Mit drei Garnfarben: Garn A, Garn B, Garn &hellip; <\/p>\n<p class=\"link-more\"><a href=\"https:\/\/www.omasglozzjini.ch\/?page_id=32\" class=\"more-link\"><span class=\"screen-reader-text\">\u201estrick &#038; h\u00e4kelanleitung\u201c<\/span> weiterlesen<\/a><\/p>\n","protected":false},"author":1,"featured_media":0,"parent":0,"menu_order":0,"comment_status":"closed","ping_status":"closed","template":"","meta":[],"_links":{"self":[{"href":"https:\/\/www.omasglozzjini.ch\/index.php?rest_route=\/wp\/v2\/pages\/32"}],"collection":[{"href":"https:\/\/www.omasglozzjini.ch\/index.php?rest_route=\/wp\/v2\/pages"}],"about":[{"href":"https:\/\/www.omasglozzjini.ch\/index.php?rest_route=\/wp\/v2\/types\/page"}],"author":[{"embeddable":true,"href":"https:\/\/www.omasglozzjini.ch\/index.php?rest_route=\/wp\/v2\/users\/1"}],"replies":[{"embeddable":true,"href":"https:\/\/www.omasglozzjini.ch\/index.php?rest_route=%2Fwp%2Fv2%2Fcomments&post=32"}],"version-history":[{"count":9,"href":"https:\/\/www.omasglozzjini.ch\/index.php?rest_route=\/wp\/v2\/pages\/32\/revisions"}],"predecessor-version":[{"id":403,"href":"https:\/\/www.omasglozzjini.ch\/index.php?rest_route=\/wp\/v2\/pages\/32\/revisions\/403"}],"wp:attachment":[{"href":"https:\/\/www.omasglozzjini.ch\/index.php?rest_route=%2Fwp%2Fv2%2Fmedia&parent=32"}],"curies":[{"name":"wp","href":"https:\/\/api.w.org\/{rel}","templated":true}]}}