{"id":34,"date":"2022-03-02T08:58:43","date_gmt":"2022-03-02T07:58:43","guid":{"rendered":"https:\/\/www.omasglozzjini.ch\/?page_id=34"},"modified":"2022-11-01T15:28:13","modified_gmt":"2022-11-01T14:28:13","slug":"partner","status":"publish","type":"page","link":"https:\/\/www.omasglozzjini.ch\/?page_id=34","title":{"rendered":"Partner"},"content":{"rendered":"<p>Das Projekt wird dokumentiert von der Fotografin <a href=\"http:\/\/www.soblueweina.com\"><strong>Weina Venetz <\/strong><\/a>und unterst\u00fctzt durch die <a href=\"http:\/\/www.sgbk-bern.ch\"><strong>SGBK Bern<\/strong><\/a>, die <a href=\"http:\/\/www.visarte-wallis.ch\"><strong>Visarte Wallis<\/strong><\/a>,\u00a0 <strong>Leuk<\/strong> <a href=\"http:\/\/www.leuk.ch\/tourismus\"><strong>Tourismus<\/strong><\/a>, dem <strong><a href=\"http:\/\/www.facebook.com\/nonameshopvisp\/\">NoName<\/a> <\/strong>Shop in Visp, <strong>all in one<\/strong> in Brig und nat\u00fcrlich der <a href=\"http:\/\/www.schlossleuk.ch\"><strong>Stiftung Schloss Leuk<\/strong><\/a>.<\/p>\n<p>&nbsp;<\/p>\n<p><strong>Mit 12 Institutionen &amp; Wohnheime<\/strong><\/p>\n<p><a href=\"http:\/\/www.fuxcampagna.ch\">Wohnheim Fux Campagna<\/a> Visp, <a href=\"http:\/\/www.stjosef-susten.ch\/site\/organisation\/ringacker\">AHP Ringacker<\/a> Leuk, <a href=\"http:\/\/www.villabernadette.ch\">Villa Bernadette<\/a> Lyss, <a href=\"https:\/\/mitmaensch.ch\/\">HPS MitM\u00e4nsch<\/a> Glis, <a href=\"http:\/\/www.martinsheim.ch\/allgemein\/home\">Martinsheim<\/a> Visp, <a href=\"https:\/\/www.seniorenzentrum-naters.ch\/\">Seniorenzentrum<\/a> in Naters, <a href=\"https:\/\/les-residences.ch\/de-ch\/unterems\/\">Alters- und Pflegeheim Emserberg<\/a> Unterems, das <a href=\"https:\/\/atelier-manus.ch\/\">Atelier Manus<\/a>\u00a0 Brig-Glis, <a href=\"https:\/\/www.emera.ch\/stiftung\/bringt-farbe-leben-47.html\">Stiftung Emera<\/a> Brig, <a href=\"http:\/\/www.stjosef.ch\">Heim St. Josef<\/a> Susten, <a href=\"http:\/\/www.sttheodul-fiesch.ch\">Regionales Alters-, Wohn &amp; Pflegeheim<\/a> in Fiesch &amp; das <a href=\"https:\/\/www.blumenau.ch\/\">Alters &amp; Pflegeheim Blumenau<\/a> Bauma<\/p>\n<p>&nbsp;<\/p>\n<p><strong>24 Decken zusammen N\u00e4her*innen<br \/>\n<\/strong><\/p>\n<p>Heribert Br\u00fcgger, Margrith Br\u00fcgger, Jeaninne Lerjen, Verena Schaufelberger, Alice Venetz, C\u00e9cile Venetz, Brunhilde Matter, Nora Sommer, Weina Venetz, Helga Zumstein, Elena Oggier, Marie-Therese Mattig, Ruth Karlen, Cynthia Mattig, Sophia Fux, Michelle Ringeisen, Esther Gischig, Ursula Bovey, C\u00e9cile mit den sch\u00f6nen Ringen, Margareth Gravina Sewer &amp; Isabelle Althaus<\/p>\n<p>Mit speziellem Dank an Brigitte Bettschen!<\/p>\n<p>&nbsp;<\/p>\n<p><strong>181 Glozzjispender*innen<br \/>\n<\/strong><\/p>\n<p>Silvia Fux, Michelle Mattig, Cynthia Mattig, Leandra Mengis, Christine Ruppen, Kristin Fux, Elena Bieler, Petra Russi, Nicole Cascuio Furrer, Elisabeth Furrer Bumann, Marlis Schmidt Kuonen, Rosalia Theler, Nicole Schaller, Alice Noti, Jo\u00eblle Imhof, Chantal Forno, Kathrin Burgener, Patricia K\u00fcnzi, Marianne Ruppen, Juliane Eve-Marie Fux, Ruth-Maria Bittel, Susanne J\u00e4ger, Lydia Clemenz-Ritz, Fabienne Salzmann Walther, Marlise Salzmann, Isabelle Salzmann, Marianne Ruppen, Verena Schaufelberger, Benita Bieler, Franziska Jost, Marie-Anne Scherrer, Nora Sommer, Corinne Kalbermatten, Beatrice Zanella, Alice Venetz, Rosmarie H\u00e4usler, Helga Zumstein, Petra Fankhauser, Sabine Kaeser, Beatrice Sutter, Sandra R\u00e4ber Baumann, Sophia Fux, Zoja Br\u00fclisauer, Sonja Abgottspon L\u00f6tscher, Stefanie Husi-Giessmann, Maria Wenczel, Patrizia Wigger-Duss, Hannelore Pfeiffer, Bianca Burgener, Diana Verasani, Eliane Wiliner, Christine Krebs, Mary-Christine Thommen, Brigitte Niederh\u00e4user, Anna Niederh\u00e4user, Doris Scheuermeister, Alexandra Matter, Brunhilde Matter, Silvia Sch\u00e4rer, Ursi Zulauf, Fabienne Theler, Erika R\u00f6schli, Heidi Zj\u00f6rien, Charlotte J\u00e4ger, Gabriela L\u00f6tscher, Elvira Oggier, Margrith Br\u00fcgger, Susanne Borter, Ruth Moser, Katharina Moser, Lisette Wahli, Marlise Burgener, Petra Russi, Sacha B\u00e4hler, Prosperina Anthamatten, Christine Frey, Renata Millius, Danielle Theler-Ballmer, Elsbeth K\u00fcffer, Rina Santoli, Alice Venetz, C\u00e9cile Venetz, Giannina Visini, Susi Brenner, Cecile Chung, Alberta Grand, Monika Fischer, Katharina Werlen, Elisabeth Furrer, Ruth Meichtry, Caroline Grand, K\u00e4thy Rohner, Fabienne Theler, Yvonne Steiner, Silvia K\u00e4hlin, Miriam Oswald, Anny Arnold, Isabelle Adam, Mirella Lerjen, Therese Streun, Michelle Ringeisesn, Brigitte Bettschen, Ursula Bovey, Ruth Righetti, Bernadette Haymoz, Lia Arnold, Joya Arnold, Chantal Boutelllier-Andenmatten, Rosmarie Berberat-Witschi, Edith Forno, Anita Biasca-Grand, Chista Eingenheer, Irina Nocetto, Elena Oggier, Leonie, Verena Fux, Marie-Therese Mattig, Ruth Karlen, Kathrin Bellwald, Frieda Imstepf, Rosina Walther, Urslua Germann, Ruth Josi, Urslua L\u00fcthi, Barbara Grichting Grand, Anna Grichting, Fabiola In-Albon, V. Schretter, Daria Amherd, Erika Inglin, Irene Furger, Regula Bill, Barbara B\u00e4hler, Irmina Imesch-Studer, F.C., Birk Obrist, Margret, Mazotti, Marlen J\u00e4ger , Andrea Locher, Rosmarie Hulliger, Elsa Zumofen, Blanka Steiner, Petra Varonier, Marielle Moser, Tichonow, Ilse, Ursula Steiner, Marielle Moser, Bernadette Bregy, Marie-Claire Bieli, Susanna K\u00e4nzig, Esther Doming, Doris Beney-Dirren, Margot Grand, Fifine Imboden, Claudia Marty, Barbara Hischier, Ewald Meichtry, Jones Gordon, Evi Zahno, Manuela Br\u00fcgger, Elisabeth Fux Mattig, Sigrid Mattig, Michelle Ringeisen, Ren\u00e9 Wyssen, Sabine Jo Balerna, Annine Eggel, Brigitte Lauber, Sandra Grossmann, Anita Steffen, Roman Perren, Franziska Jost, Jeannine Lerjien, Susanna K\u00e4nzig!<\/p>\n<p>*Falls jemand durch die Maschen gefallen ist sind wir froh um R\u00fcckmeldung*<\/p>\n<p>&nbsp;<\/p>\n<p style=\"text-align: center;\"><strong>Ohne euch alle w\u00e4re Oma&#8217;s Glozzjini nicht m\u00f6glich gewesen!\u00a0\u00a0\u00a0\u00a0\u00a0\u00a0\u00a0\u00a0\u00a0\u00a0\u00a0\u00a0\u00a0\u00a0 <\/strong><strong>TAUSEND DANK!<\/strong><\/p>\n<p>&nbsp;<\/p>\n<p><strong><a href=\"https:\/\/leuk.ch\/tourismus\">Tourismusb\u00fcro in Leuk<\/a>: <\/strong>Hat Anmeldungen entgegen genommen. Zus\u00e4tzlich durften Wollreste f\u00fcr die Produktion der Glozzinji sowohl gespendet als auch abgeholt werden. Zudem bestand die M\u00f6glichkeit die fertigen &#8222;Glozzjini&#8220; im Tourismusb\u00fcro abzugeben.<\/p>\n<p>Auch der <strong><a href=\"http:\/\/www.facebook.com\/nonameshopvisp\/\">NoName Shop in Visp<\/a><\/strong> , der <strong><a href=\"https:\/\/www.local.ch\/de\/d\/brig\/3900\/all-in-one-naeh-woll-und-bastelshop-iyhk5nQ62hRv9Hwj4bJJKA\">all in one in Bri<\/a><a href=\"http:\/\/www.facebook.com\/nonameshopvisp\/\">g<\/a><\/strong>, das <strong><a href=\"https:\/\/tolle-wolle.ch\/\">tolle Wolle<\/a> in Susten ! <\/strong>Waren eine enorme Unterst\u00fctzung in der entgegennahme der Glozzjini!<\/p>\n<p style=\"text-align: center;\"><strong>WIR DANKEN VON HERZEN F\u00dcR EURE MITHILFE!<\/strong><\/p>\n<p>&nbsp;<\/p>\n<p><strong>Partner<\/strong><\/p>\n<p><img loading=\"lazy\" class=\"alignnone wp-image-118\" src=\"https:\/\/www.omasglozzjini.ch\/wp-content\/uploads\/2022\/03\/sgbk.jpg\" alt=\"\" width=\"85\" height=\"93\" \/> \u00a0 \u00a0 \u00a0 <img loading=\"lazy\" class=\"alignnone wp-image-120\" src=\"https:\/\/www.omasglozzjini.ch\/wp-content\/uploads\/2022\/03\/SchlossLeuk-300x165.png\" alt=\"\" width=\"172\" height=\"81\" \/> \u00a0 \u00a0\u00a0 \u00a0 \u00a0\u00a0 <img loading=\"lazy\" class=\"alignnone wp-image-127\" src=\"https:\/\/www.omasglozzjini.ch\/wp-content\/uploads\/2022\/03\/visarteVS.jpg\" alt=\"\" width=\"134\" height=\"82\" \/><\/p>\n<p><img loading=\"lazy\" class=\"alignnone wp-image-124\" src=\"https:\/\/www.omasglozzjini.ch\/wp-content\/uploads\/2022\/03\/TourismusLeuk-300x102.jpg\" alt=\"\" width=\"156\" height=\"52\" srcset=\"https:\/\/www.omasglozzjini.ch\/wp-content\/uploads\/2022\/03\/TourismusLeuk-300x102.jpg 300w, https:\/\/www.omasglozzjini.ch\/wp-content\/uploads\/2022\/03\/TourismusLeuk.jpg 686w\" sizes=\"(max-width: 156px) 100vw, 156px\" \/> \u00a0 \u00a0 <img loading=\"lazy\" class=\"alignnone wp-image-187\" src=\"https:\/\/www.omasglozzjini.ch\/wp-content\/uploads\/2022\/03\/NoNameLogo-300x90.jpg\" alt=\"\" width=\"155\" height=\"47\" srcset=\"https:\/\/www.omasglozzjini.ch\/wp-content\/uploads\/2022\/03\/NoNameLogo-300x90.jpg 300w, https:\/\/www.omasglozzjini.ch\/wp-content\/uploads\/2022\/03\/NoNameLogo-768x230.jpg 768w, https:\/\/www.omasglozzjini.ch\/wp-content\/uploads\/2022\/03\/NoNameLogo.jpg 902w\" sizes=\"(max-width: 155px) 100vw, 155px\" \/> \u00a0\u00a0\u00a0 <img loading=\"lazy\" class=\"alignnone wp-image-466\" src=\"https:\/\/www.omasglozzjini.ch\/wp-content\/uploads\/2022\/05\/TolleWolle-1-300x123.png\" alt=\"\" width=\"148\" height=\"52\" \/><\/p>\n<p><img loading=\"lazy\" class=\"alignnone wp-image-467\" src=\"https:\/\/www.omasglozzjini.ch\/wp-content\/uploads\/2022\/05\/all-in-one-1-300x92.png\" alt=\"\" width=\"134\" height=\"57\" \/><\/p>\n<p>&nbsp;<\/p>\n<p><strong>Sponsoren<\/strong><\/p>\n<p><img loading=\"lazy\" class=\"alignnone wp-image-115\" src=\"https:\/\/www.omasglozzjini.ch\/wp-content\/uploads\/2022\/03\/VillaBernadette-300x222.jpg\" alt=\"\" width=\"120\" height=\"100\" \/> \u00a0\u00a0 \u00a0\u00a0 <img loading=\"lazy\" class=\"alignnone wp-image-123\" src=\"https:\/\/www.omasglozzjini.ch\/wp-content\/uploads\/2022\/03\/kulturVS.jpg\" alt=\"\" width=\"110\" height=\"97\" \/>\u00a0 \u00a0 \u00a0 \u00a0<img loading=\"lazy\" class=\"alignnone wp-image-412\" style=\"font-size: 1rem;\" src=\"https:\/\/www.omasglozzjini.ch\/wp-content\/uploads\/2022\/05\/Logo_FGE_MK_sw_300dpi_DE-300x69.jpg\" alt=\"\" width=\"208\" height=\"41\" \/><\/p>\n<p><img loading=\"lazy\" class=\"alignnone wp-image-439\" src=\"https:\/\/www.omasglozzjini.ch\/wp-content\/uploads\/2022\/05\/LogoVisp-1-300x117.png\" alt=\"\" width=\"164\" height=\"64\" srcset=\"https:\/\/www.omasglozzjini.ch\/wp-content\/uploads\/2022\/05\/LogoVisp-1-300x117.png 300w, https:\/\/www.omasglozzjini.ch\/wp-content\/uploads\/2022\/05\/LogoVisp-1-1024x398.png 1024w, https:\/\/www.omasglozzjini.ch\/wp-content\/uploads\/2022\/05\/LogoVisp-1-768x299.png 768w, https:\/\/www.omasglozzjini.ch\/wp-content\/uploads\/2022\/05\/LogoVisp-1.png 1208w\" sizes=\"(max-width: 164px) 100vw, 164px\" \/> \u00a0 \u00a0 \u00a0 <img loading=\"lazy\" class=\"alignnone wp-image-474\" src=\"https:\/\/www.omasglozzjini.ch\/wp-content\/uploads\/2022\/05\/logo_brig-1.png\" alt=\"\" width=\"132\" height=\"63\" \/> \u00a0 \u00a0\u00a0 \u00a0 <img loading=\"lazy\" class=\"alignnone wp-image-475\" src=\"https:\/\/www.omasglozzjini.ch\/wp-content\/uploads\/2022\/05\/LotterieRomande-1-300x102.png\" alt=\"\" width=\"164\" height=\"58\" \/><\/p>\n<p><img loading=\"lazy\" class=\"alignnone wp-image-645\" src=\"https:\/\/www.omasglozzjini.ch\/wp-content\/uploads\/2022\/08\/Gleichstellung-undFamilie-300x91.png\" alt=\"\" width=\"209\" height=\"69\" \/> \u00a0\u00a0 <img loading=\"lazy\" class=\"alignnone  wp-image-122\" src=\"https:\/\/www.omasglozzjini.ch\/wp-content\/uploads\/2022\/03\/GemeindeLeuk.jpg\" alt=\"\" width=\"164\" height=\"70\" \/><\/p>\n<p>&nbsp;<\/p>\n<p style=\"text-align: center;\"><strong>Vielen Dank f\u00fcr die Unterst\u00fctzung!<\/strong><\/p>\n","protected":false},"excerpt":{"rendered":"<p>Das Projekt wird dokumentiert von der Fotografin Weina Venetz und unterst\u00fctzt durch die SGBK Bern, die Visarte Wallis,\u00a0 Leuk Tourismus, dem NoName Shop in Visp, all in one in Brig und nat\u00fcrlich der Stiftung Schloss Leuk. &nbsp; Mit 12 Institutionen &amp; Wohnheime Wohnheim Fux Campagna Visp, AHP Ringacker Leuk, Villa Bernadette Lyss, HPS MitM\u00e4nsch Glis, &hellip; <\/p>\n<p class=\"link-more\"><a href=\"https:\/\/www.omasglozzjini.ch\/?page_id=34\" class=\"more-link\"><span class=\"screen-reader-text\">\u201ePartner\u201c<\/span> weiterlesen<\/a><\/p>\n","protected":false},"author":1,"featured_media":48,"parent":0,"menu_order":0,"comment_status":"closed","ping_status":"closed","template":"","meta":[],"_links":{"self":[{"href":"https:\/\/www.omasglozzjini.ch\/index.php?rest_route=\/wp\/v2\/pages\/34"}],"collection":[{"href":"https:\/\/www.omasglozzjini.ch\/index.php?rest_route=\/wp\/v2\/pages"}],"about":[{"href":"https:\/\/www.omasglozzjini.ch\/index.php?rest_route=\/wp\/v2\/types\/page"}],"author":[{"embeddable":true,"href":"https:\/\/www.omasglozzjini.ch\/index.php?rest_route=\/wp\/v2\/users\/1"}],"replies":[{"embeddable":true,"href":"https:\/\/www.omasglozzjini.ch\/index.php?rest_route=%2Fwp%2Fv2%2Fcomments&post=34"}],"version-history":[{"count":64,"href":"https:\/\/www.omasglozzjini.ch\/index.php?rest_route=\/wp\/v2\/pages\/34\/revisions"}],"predecessor-version":[{"id":743,"href":"https:\/\/www.omasglozzjini.ch\/index.php?rest_route=\/wp\/v2\/pages\/34\/revisions\/743"}],"wp:featuredmedia":[{"embeddable":true,"href":"https:\/\/www.omasglozzjini.ch\/index.php?rest_route=\/wp\/v2\/media\/48"}],"wp:attachment":[{"href":"https:\/\/www.omasglozzjini.ch\/index.php?rest_route=%2Fwp%2Fv2%2Fmedia&parent=34"}],"curies":[{"name":"wp","href":"https:\/\/api.w.org\/{rel}","templated":true}]}}