{"id":39,"date":"2022-03-02T11:07:18","date_gmt":"2022-03-02T10:07:18","guid":{"rendered":"https:\/\/www.omasglozzjini.ch\/?page_id=39"},"modified":"2022-10-28T07:58:57","modified_gmt":"2022-10-28T06:58:57","slug":"agenda","status":"publish","type":"page","link":"https:\/\/www.omasglozzjini.ch\/?page_id=39","title":{"rendered":"Agenda"},"content":{"rendered":"<p><strong>Projektausklang:\u00a0 <\/strong><\/p>\n<p>16.Okt.2022 von 14 &#8211; 16 Uhr vor dem Schloss Leuk.<\/p>\n<p><strong>2. Ausstellung: <\/strong><\/p>\n<p>Die SGBK Sektion Bern\/Romandie geht mit 34 K\u00fcnstlerinnen und allen eingepackten Zinnen in die zweite Runde.<\/p>\n<p style=\"text-align: center;\">Sabine Amstad &#8211; B\u00e9atrice Bader &#8211; Claire Betti &#8211; Regula Margrit Bill<br \/>\nUrsula Bovey &#8211; Manuela Bru\u0308gger &#8211; Krystyna Diethelm Vuillemin<br \/>\nErika Diserens &#8211; Cornelia Egli &#8211; Denise Eyer-Oggier<br \/>\nElisabeth Fux Mattig &#8211; Andrea Gerber &#8211; Gis\u00e8le Gilgien<br \/>\nEsther Gischig &#8211; Brigitte Keist &#8211; Christina Kl\u00e4figer<br \/>\nPriska Leutenegger &#8211; Esther L\u00f6ffel &#8211; Ursi Lysser<br \/>\nFlorica Marian &#8211; Pat Noser &#8211; Brigitta Pauli-Glutz<br \/>\nMaryia Piatrushyna &#8211; Loredana Selene Ricca &#8211; Ruth Rhighetti<br \/>\nMichelle Ringeisen &#8211; Heike R\u00f6hle &#8211; Verena Romanens &#8211;<br \/>\nCornelia Schmid &#8211; Ramona Schmid &#8211; Valeria Triulzi<br \/>\nWeina Venetz &#8211; Verena Wyss &#8211; Helga Zumstein<\/p>\n<p><strong>Vernissage ist am\u00a0 20. August 2022 um 14.30 Uhr<\/strong><\/p>\n<p>K\u00fcnstlerinnentalk mit der\u00a0 versierten Kommunikationsexpertin Cornelia Heynen-Igler. Am Talk teilnehmen werden: Denise Eyer-Oggier, Valeria Triulzi, Ramona Schmid, Weina Venetz und Margareta K\u00e4lin.<\/p>\n<p>Zwischendurch spielt der A-Capella-Chor \u201eDamenwahl\u201c<\/p>\n<p>Die Ausstellung wurde kuratiert von Helga Zumstein.<\/p>\n<p>Ausstellungsdauer: 20. August bis 28. September<\/p>\n<p>\u00d6ffnungszeiten: Mo-Fr von 11.30 bis 17 Uhr im August und bis 16 Uhr im September<\/p>\n<p><strong>Letzte Aktion:<\/strong><\/p>\n<p>Mittwoch 10.August 2022 von 10-16 Uhr n\u00e4hen wir die mittleren Zinnenhauben f\u00fcr den Leuker Schlossturm zusammen.\u00a0 Je nach Wetter im, oder vor dem Schloss in Leuk.<\/p>\n<p><strong>1. Ausstellung<\/strong><\/p>\n<p>SGBK Sektion Bern\/Romandie: Die Schweizerische Gesellschaft Bildender Ku\u0308nstlerinnen SGBK feiert dieses Jahr ihr 120-j\u00e4hriges Jubil\u00e4um!<\/p>\n<p style=\"text-align: center;\">Mit<\/p>\n<p style=\"text-align: center;\">Gabriella Affolter &#8211; Isabelle Althaus &#8211; Jaqueline Bachmann<br \/>\nSabine Jo Balerna &#8211; Eveline Blum &#8211; Manuela Bru\u0308gger<br \/>\nSandra Elsig &#8211; Denise Eyer-Oggier &#8211; Denise Felber<br \/>\nElisabeth Fux Mattig &#8211; Esther Gischig &#8211; Susanne Gutjahr<br \/>\nAgnes Guhl &#8211; Christine Jenzer-Montet &#8211; Romaine Kuonen<br \/>\nIsabel Myriam Obrecht &#8211; Marina Ortelli &#8211; Anna Reber<br \/>\nEva Scheuter &#8211; Ursula Steiner-Lenzin &#8211; Therese Streun<br \/>\nDoris Windlin &#8211; Farzaneh Yaghoubinia<br \/>\nHelga Zumstein &#8211; Arlette Zurbuchen<\/p>\n<p>&nbsp;<\/p>\n<p>\u00d6FFNUNGSZEITEN<br \/>\nMo &#8211; Fr 11.30 &#8211; 17.00 Uhr<br \/>\n1. August: geschlossen<\/p>\n<p>13 &amp; 14.7.22 ist Manuela Br\u00fcgger anwesend in der Ausstellung<\/p>\n<p>Am 2. und am 10. August jeweils um 14.00 Uhr<br \/>\nbegleitete Fu\u0308hrungen durch die Ausstellung mit Helga Zumstein und<br \/>\nElisabeth Fux Mattig<\/p>\n<p>Informationen: <a href=\"http:\/\/www.sgbk.ch\">www.sgbk.ch<\/a> <a href=\"http:\/\/www.leuk.ch\">www.leuk.ch<\/a> <a href=\"http:\/\/www.schlossleuk.ch\">www.schlossleuk.ch<\/a><br \/>\n<strong>Herzlich willkommen!<\/strong><\/p>\n<p><strong>2. Vernissage:<\/strong><\/p>\n<p>20. August 2022<br \/>\nab 14.30 Uhr Talk mit Frauen aus Kunst und Kultur im Bischofssaal<br \/>\nab 17.00 Uhr Ap\u00e9ro und begleiteter Rundgang durch die Ausstellung<\/p>\n<p>Im Oktober werden die gestrickten und geh\u00e4kelten Zinnenhauben zu Picknickdecken auseinandergenommen. Danach findet auf der Turmmatte des Leuker Schlosses ein Picknick\u00a0 mit einem Konzert statt, das auf den so entstandenen Decken genossen werden kann.<\/p>\n<p><strong>Vergangene Anl\u00e4sse:<\/strong><\/p>\n<p><strong>1. Vernissage:<\/strong> 2. Juli 22 ab 18 Uhr im Schloss Leuk<\/p>\n<p>3 Aktionstage an denen die einzelnen Quadrate zu dem Zinnenschmuck zusammengef\u00fcgt werden, finden im Juni statt.<\/p>\n<p><strong>Aktion 1:\u00a0 am 3. Juni 2022 in <\/strong>\u00a0<strong>auf dem Kaufplatz in Visp. 10 \u2013 20 Uhr<\/strong><\/p>\n<p>Gleichzeitig findet dort die grenz\u00fcberschreitende Aktion \u00abParchi in citt\u00e0 \u2013 Naturp\u00e4rke in der Stadt\u00bb. P\u00e4rke aus den Valle d\u2019Ossola, Landschaftspark Binntal und der Naturpark Pfyn-Finges stellen sich dort vor. Ab 16.00 Uhr \u00fcbernimmt dann der w\u00f6chentliche P\u00fcrum\u00e4rt.<\/p>\n<p><strong>Aktion2:\u00a0 am 4. Juni 2022 auf dem Sebastiansplatz in Brig. 10 \u2013 16 Uhr<\/strong><\/p>\n<p>(Bei schlechtem Wetter im Atelier von Denise Eyer-Oggier, Schulhausstrasse 10)<\/p>\n<p><strong>Aktion3:\u00a0 am 24. Juni 2022 in Leuk\u00a0 mit anschliessendem Transport des Zinnenschmucks ins Leukerschloss.<\/strong><\/p>\n<p>Die fertigen Glozzjini k\u00f6nnen durchgehend, bis sp\u00e4testens Ende Mai <em>2022<\/em> an uns, oder im Tourismusb\u00fcro Leuk abgegeben werden.<\/p>\n<p><strong>Neue Institutionen &amp; Privatpersonen k\u00f6nnen sich bis im mitte Mai 2022 am Projekt beteiligen. Lust? Dann schreibe eine E-Mail an <a href=\"mailto:info@omasglozzjini.ch\">info@omasglozzjini.ch<\/a><\/strong><\/p>\n<p>Z\u00e4me H\u00e4kle u lisme im Schloss Leuk am 3.Mai von 15 &#8211; 17 Uhr mit fachkundiger Anleitung von Elisabeth Fux Mattig. Du bist herzlich Willlkommen!<\/p>\n","protected":false},"excerpt":{"rendered":"<p>Projektausklang:\u00a0 16.Okt.2022 von 14 &#8211; 16 Uhr vor dem Schloss Leuk. 2. Ausstellung: Die SGBK Sektion Bern\/Romandie geht mit 34 K\u00fcnstlerinnen und allen eingepackten Zinnen in die zweite Runde. Sabine Amstad &#8211; B\u00e9atrice Bader &#8211; Claire Betti &#8211; Regula Margrit Bill Ursula Bovey &#8211; Manuela Bru\u0308gger &#8211; Krystyna Diethelm Vuillemin Erika Diserens &#8211; Cornelia Egli &hellip; <\/p>\n<p class=\"link-more\"><a href=\"https:\/\/www.omasglozzjini.ch\/?page_id=39\" class=\"more-link\"><span class=\"screen-reader-text\">\u201eAgenda\u201c<\/span> weiterlesen<\/a><\/p>\n","protected":false},"author":1,"featured_media":0,"parent":0,"menu_order":0,"comment_status":"closed","ping_status":"closed","template":"","meta":[],"_links":{"self":[{"href":"https:\/\/www.omasglozzjini.ch\/index.php?rest_route=\/wp\/v2\/pages\/39"}],"collection":[{"href":"https:\/\/www.omasglozzjini.ch\/index.php?rest_route=\/wp\/v2\/pages"}],"about":[{"href":"https:\/\/www.omasglozzjini.ch\/index.php?rest_route=\/wp\/v2\/types\/page"}],"author":[{"embeddable":true,"href":"https:\/\/www.omasglozzjini.ch\/index.php?rest_route=\/wp\/v2\/users\/1"}],"replies":[{"embeddable":true,"href":"https:\/\/www.omasglozzjini.ch\/index.php?rest_route=%2Fwp%2Fv2%2Fcomments&post=39"}],"version-history":[{"count":27,"href":"https:\/\/www.omasglozzjini.ch\/index.php?rest_route=\/wp\/v2\/pages\/39\/revisions"}],"predecessor-version":[{"id":741,"href":"https:\/\/www.omasglozzjini.ch\/index.php?rest_route=\/wp\/v2\/pages\/39\/revisions\/741"}],"wp:attachment":[{"href":"https:\/\/www.omasglozzjini.ch\/index.php?rest_route=%2Fwp%2Fv2%2Fmedia&parent=39"}],"curies":[{"name":"wp","href":"https:\/\/api.w.org\/{rel}","templated":true}]}}