{"id":720,"date":"2022-10-18T09:15:17","date_gmt":"2022-10-18T08:15:17","guid":{"rendered":"https:\/\/www.omasglozzjini.ch\/?page_id=720"},"modified":"2022-10-21T06:38:20","modified_gmt":"2022-10-21T05:38:20","slug":"rueckblick","status":"publish","type":"page","link":"https:\/\/www.omasglozzjini.ch\/?page_id=720","title":{"rendered":"R\u00fcckblick"},"content":{"rendered":"<p><img loading=\"lazy\" class=\"aligncenter wp-image-729 size-medium\" src=\"https:\/\/www.omasglozzjini.ch\/wp-content\/uploads\/2022\/10\/cropped-1-scaled-1-300x300.jpg\" alt=\"\" width=\"300\" height=\"300\" srcset=\"https:\/\/www.omasglozzjini.ch\/wp-content\/uploads\/2022\/10\/cropped-1-scaled-1-300x300.jpg 300w, https:\/\/www.omasglozzjini.ch\/wp-content\/uploads\/2022\/10\/cropped-1-scaled-1-150x150.jpg 150w, https:\/\/www.omasglozzjini.ch\/wp-content\/uploads\/2022\/10\/cropped-1-scaled-1-100x100.jpg 100w, https:\/\/www.omasglozzjini.ch\/wp-content\/uploads\/2022\/10\/cropped-1-scaled-1-270x270.jpg 270w, https:\/\/www.omasglozzjini.ch\/wp-content\/uploads\/2022\/10\/cropped-1-scaled-1-192x192.jpg 192w, https:\/\/www.omasglozzjini.ch\/wp-content\/uploads\/2022\/10\/cropped-1-scaled-1-180x180.jpg 180w, https:\/\/www.omasglozzjini.ch\/wp-content\/uploads\/2022\/10\/cropped-1-scaled-1-32x32.jpg 32w, https:\/\/www.omasglozzjini.ch\/wp-content\/uploads\/2022\/10\/cropped-1-scaled-1.jpg 512w\" sizes=\"(max-width: 300px) 100vw, 300px\" \/><\/p>\n<p>&nbsp;<\/p>\n<p>Im Herbst 2021<\/p>\n<p>Bl\u00f6delei zwischen Elisabeth &amp; Manuela w\u00e4hrend einem gemeinsamen Mittagessen an einer SGBK Weiterbildung.\u00a0 \u2018H\u00e4keln wir doch den Turm ein, mit Hilfe vieler&#8216;<\/p>\n<p>&nbsp;<\/p>\n<p>29.11.2021<\/p>\n<p>Die Idee mit dem H\u00e4keln liess Elisabeth nicht mehr los, weswegen sie eine E-Mail an Manuela schrieb mit der Projektskizze und dem Einfall nur die Zinnen einzuh\u00e4keln. Auf die Frage ob sie mitmachen w\u00fcrde, willigte Manuela begeistert ein.<\/p>\n<p>&nbsp;<\/p>\n<p>18.12.2021<\/p>\n<p>Das erste Fotoshooting mit Weina Venetz auf Schloss Leuk, kurz vor Weihnachten, sch\u00f6n und kalt!<\/p>\n<p>Mit allerersten kleinen H\u00e4kelversuchen.<\/p>\n<p>Weina begleitet das Projekt seither mit Fotokamera und Handyfilmchen und grossen Enthusiasmus.<\/p>\n<p>\u00dcber den Jahreswechsel entsteht das erste geh\u00e4kelte Blumenglozzji. Nach den ersten 17 kann Elisabeth das Muster auswendig. Jetzt geht\u2019s leichter\u2026<\/p>\n<p>&nbsp;<\/p>\n<p>Januar 2022<\/p>\n<p>Erste Gespr\u00e4che mit Carlo Schmidt, dem Kulturverantwortlichen der Stadt Leuk.<\/p>\n<p>Anfrage der Stiftung Schloss Leuk wegen der Erlaubnis f\u00fcr solch ein Unterfangen. Grosse Unterst\u00fctzung von Seiten des Pr\u00e4sidenten Arnold Steiner.<\/p>\n<p>Erstellen von Dossier und Briefen f\u00fcr die Geldsuche.<\/p>\n<p>Anfrage an Institutionen der Region, wie Altersheime, Wohnheime, Heilp\u00e4dagogische Schulen, gesch\u00fctzte Werkst\u00e4tten\u2026 Wir stossen auf mit unserem Projekt auf Interesse. Nur H\u00e4keln wollen sie nicht. Stricken ginge besser\u2026<\/p>\n<p>&nbsp;<\/p>\n<p>Februar 2022<\/p>\n<p>Manuela baut eine Webseite auf, mit einer Austauschecke, die bald rege genutzt wird und einer Glozzji Strick- und H\u00e4kelanleitung.<\/p>\n<p>Gabriella Affolter, Pr\u00e4sidentin des K\u00fcnstlerinnen Verbandes SGBK, Sektion Bern-Romandie nimmt unser Projekt auf und organisiert eine schweizweite Werbung. Wir sind sogar im Kunstbulletin. Dadurch wird eine Kunststrickerin auf uns aufmerksam und strickt uns das Leuker Wappen als \u00fcberdimensioniertes Glozzji.<\/p>\n<p>&nbsp;<\/p>\n<p>M\u00e4rz 2022<\/p>\n<p>Alexandra Matter, Gesch\u00e4ftsleiterin Leuk Tourismus bietet Hilfe an, die wir dankbar annehmen. Es kommt einer guten Zusammenarbeit.<\/p>\n<p>Helga Zumstein organisiert die Oberwalliser Presse. \u00a0Natalie Benelli schreibt uns einen sch\u00f6nen WB Artikel und Tobias Tscherrig von Kanal 9 ruft die Bev\u00f6lkerung auf \u2018H\u00e4kelbanden\u2019 zu bilden.<\/p>\n<p>Mit einem Flyer werben wir in der Region. Leuk Tourismus, tolle-Wolle in Susten, No Name in Visp, und all in one in Brig helfen mit ihren Netzwerken mit. Und bieten an, die fertigen Glozzjini f\u00fcr uns zu sammeln. Im Facebook und auf Instagram wird kr\u00e4ftig geworben und unser Aufruf zum Mitmachen geteilt.<\/p>\n<p>Auch im Kanton Bern st\u00f6sst unser Unterfangen auf Interesse: die Villa Bernadette in Lyss organisiert einen Stricknachmittag mit Presse. Danke Sabine Jo Balerna.<\/p>\n<p>Das H\u00e4kelanleitungsvideo von Weina und Elisabeth mit Leandra Mengis hilft vielleicht weiter?<\/p>\n<p>&nbsp;<\/p>\n<p>April 2022<\/p>\n<p>Das Angebot, gemeinsam Glozzjinis zu h\u00e4keln mit kundiger Anleitung von Elisabeth auf Schloss Leuk, wird wenig genutzt\u2026, k\u00f6nnen schon alle das Muster h\u00e4keln?<\/p>\n<p>\u00dcber unsere Webseite melden sich einige willige H\u00e4klerinnen und ein H\u00e4kler Sacha B\u00e4hler an.<\/p>\n<p>Der Besuch von Elisabeths Schwager Philipp Steck, Ingenieur, bringt Ern\u00fcchterung. Nicht, wie erwartet 2000 sondern 3&#8217;500 Glozzjinis werden ben\u00f6tigt, um alle Zinnen decken zu k\u00f6nnen. Ob das wohl gut geht!<\/p>\n<p>&nbsp;<\/p>\n<p>Mai 2022<\/p>\n<p>Und dann kommt die Meldung vom Seniorenheim Naters, dass gestrickte Glozzjinis zum Abholen bereitstehen. Elisabeth f\u00e4hrt mit dem Velo und einem grossen Rucksack dorthin. Doch der reicht bei weitem nicht aus!<\/p>\n<p>Wir entschliessen uns, uns vorerst auf die Eckzinnen zu fokussieren. Wie sollen wir die vielen verschiedenen Glozzjini anordnen? Wir entscheiden uns f\u00fcr das Motiv der Raute. Das aufgestellte Viereck soll die Grundlage unserer Zinnenhaubendeckengestaltung werden.<\/p>\n<p>Nun k\u00f6nnen wir auch bei unseren anderen Abgabestellen erste Glozzjini holen. Das reicht um eine erste Eckzinne zusammenstellen zu k\u00f6nnen. Um unsere erste Decke zu planen, brauchen wir einen ganzen Tag.<\/p>\n<p>&nbsp;<\/p>\n<p>28.5.2022<\/p>\n<p>Beim monatlichen K\u00fcnstlerinnentreff der SGBK wird die erste Decke zusammengen\u00e4ht.<\/p>\n<p>Immer mehr Glozzjini kommen von den Institutionen , dem Tourismusb\u00fcro und unseren Sammelstellen. Pakete aus der ganzen Schweiz kommen an und so langsam f\u00fcllte sich der Keller von Elisabeth. Nun k\u00f6nnen wir beim Zusammenstellen aus dem Vollen sch\u00f6pfen.<\/p>\n<p>181 Privatpersonen, die wir mit Namen kennen und viele mehr haben mitgeholfen,<\/p>\n<p>in 12 Institutionen wurde f\u00fcr unser Projekt gearbeitet. Dank an alle. An dieser Stelle danken wir Margrit Br\u00fcgger f\u00fcr die vielen Glozzjisammelfahrten!<\/p>\n<p>&nbsp;<\/p>\n<p>3.6.2022<\/p>\n<p>F\u00fcr den ersten Aktionstag auf dem Kaufplatz in Visp konnten wir einen Marktstand mieten. Zusammen mit den \u00abParchi in citt\u00e0 \u2013 Naturp\u00e4rke in der Stadt\u00bb und sp\u00e4ter dem w\u00f6chentlichen P\u00fcrum\u00e4rt, stellten wir unser Projekt vor und n\u00e4hten gemeinsam an unseren Decken.<\/p>\n<p>&nbsp;<\/p>\n<p>4.6.2022<\/p>\n<p>Am Samstag folgte der 2. Aktionstag auf dem Briger Sebastiansplatz. Am Ende des Tages konnten wir die Decken f\u00fcr die erste Eckzinne auf dem\u00a0 Platz auslegen. Gegen 10 Meter!<\/p>\n<p>Abends nahmen Helferinnen, die vorbereiteten Decken nach Hause, um diese fertigzun\u00e4hen. Allen voran danken wir Brigitte Bettschen f\u00fcr ihren unerm\u00fcdlichen Einsatz.<\/p>\n<p>&nbsp;<\/p>\n<p>24.6.2022<\/p>\n<p>Am dritten Aktionstag auf der Turmmatte des Schloss Leuk galt es, die letzten Eckzinnendecken fertigzun\u00e4hen, die einzelnen Decken mit einer H\u00e4kelnaht zusammenzuf\u00fcgen und an die Deckel der Zinnenhauben anzun\u00e4hen. Jeanette Zumstein, selbsternannte Schlosshexe und Abwartin des Schlosses, ist geduldige und immer gut gelaunte Ansprechsperson, in Schloss und Schl\u00fcsselfragen.<\/p>\n<p>Jetzt geht es noch eine Woche bis zur Vernissage der ersten Ausstellung Schloss Leuk der SGBK K\u00fcnstlerinnen.<\/p>\n<p>&nbsp;<\/p>\n<p>27.6.2022<\/p>\n<p>An diesem Tag montieren wir die Eckzinnen. Sophia Fux, Sportkletterin, hilft uns, diese gefahrlos \u00fcber die Zinnen zu st\u00fclpen. Es geht z\u00fcgig voran, Martin Venetz dokumentiert alles per Drohne. Die Bilder werden von den sozialen Medien begeistert aufgenommen und geteilt.<\/p>\n<p>Doch am fr\u00fchen Nachmittag kommt Wind auf. \u2026 und holt unseren Zinnenschmuck wieder herunter.<\/p>\n<p>&nbsp;<\/p>\n<p>29.6.2022<\/p>\n<p>Manuela und Elisabeth verbringen einen langen Regentag im Schloss Leuk und n\u00e4hen Spannseile und Schn\u00fcre an die Zinnenhauben\u2026<\/p>\n<p>&nbsp;<\/p>\n<p>Mit dem gefilmten Material von Weina fertigt Manuela ein Dokumentationsvideo \u00fcber unser Projekt an. Es wird den ganzen Sommer hindurch im Verliess des Schlossturmes gezeigt.<\/p>\n<p>Die Decken der Mittelzinnen stellen wir nun auch zusammen, Glozzjini haben wir in der Zwischenzeit genug bekommen.<\/p>\n<p>&nbsp;<\/p>\n<p>2.7.2022<\/p>\n<p>Esther Gischig mit ihrer Sportklettererfahrung hilft uns am Morgen des Vernissagetages, die Zinnenhauben erneut zu montieren. Wir verspannen die Seile, kn\u00fcpfen die Schn\u00fcre zu und n\u00e4hen die Decken am Gel\u00e4nder an. Kurz vor der Vernissage sind wir fertig! Wenn sie jetzt nur halten! In den ersten Tagen verfolgen wir das Wetter minuti\u00f6s, ein st\u00e4rkerer Wind, das erste Gewitter\u2026<\/p>\n<p>Am Er\u00f6ffnungsanlass der Vernissage wird das Oma\u2019s Glozzjini Projekt mit projizierten Fotos von Weina und einem Gespr\u00e4ch mit uns vorgestellt. F\u00fcr l\u00e4ngere Ausf\u00fchrungen sind wir leider zu m\u00fcde. Aber gl\u00fccklich, tragen die Eckzinnen nun rechtzeitig ihren Schmuck.<\/p>\n<p>&nbsp;<\/p>\n<p>W\u00e4hrend den Sommerwochen wird die Ausstellung auch von vielen Glozzjini Mitwirkenden besucht. Die mitmachenden Institutionen f\u00fchren Ausfl\u00fcge durch.<\/p>\n<p>Die SGBK K\u00fcnstlerinnen, die jeweils die Ausstellung h\u00fcten finden zwischendurch Zeit, um an den Decken f\u00fcr die Mittelzinnen zu n\u00e4hen.<\/p>\n<p>&nbsp;<\/p>\n<p>10.\/11.8.2022<\/p>\n<p>Wir kommen zu einem 2. Aktionstag auf Schloss Leuk zusammen. Die Vernissage mit der 2.Gruppe der SGBK Jubil\u00e4umsausstellung steht vor der T\u00fcr. Da wir nicht fertig werden, kommen wir am n\u00e4chsten Tag nochmals zusammen. Danke Brigitte und C\u00e9cile mit den sch\u00f6nen Ringen! Michelle Villa vers\u00fcsst uns den Tag mit Bowle und Kuchen.<\/p>\n<p>&nbsp;<\/p>\n<p>12.8.2022<\/p>\n<p>Esther Gischig leitet die Montage der Mittelzinnenkappen. Das Wetter ist g\u00fcnstig und die morgentliche Arbeit ist rasch gemacht. Martin Venetz begleitet die Aktion ein zweites Mal mit der Drohne. Weina mit dem Fotoapparat. Geschafft!! Der Leuker Schlossturm ist geschm\u00fcckt, rechtzeitig f\u00fcr die Feier des 120-j\u00e4hrigen Jubil\u00e4ums der SGBK.<\/p>\n<p>&nbsp;<\/p>\n<p>20.\/21.8.2022<\/p>\n<p>Vernissage und Generalversammlung der SGBK auf Schloss Leuk.<\/p>\n<p>&nbsp;<\/p>\n<p>27.8.2022<\/p>\n<p>Im Briger Werkhof er\u00f6ffnet Visarte Wallis die Ausstellung Team Player.<\/p>\n<p>Das Team Esther &amp; Manuela &amp; Weina haben ihre Arbeit Oma\u2019s Glozzjini gewidmet.<\/p>\n<p>&nbsp;<\/p>\n<p>3.10.2022<\/p>\n<p>Demontage: Eine Woche nach Ende der Sommerausstellung auf Schloss Leuk nehmen, Esther, Leonie und Elisabeth den Turmzinnen ihre Hauben wieder ab. Das Wetter ist gut, windstill, herbstlich. Es geht problemlos, nichts hat sich, wie bef\u00fcrchtet verheddert. Die Decken haben bis zu drei Monate Wind, Wetter und Sonne Stand gehalten. Sie sind verfilzt, ausgebleicht, ab und zu ein durchgescheuertes Glozzji &#8211; aber ganz!<\/p>\n<p>&nbsp;<\/p>\n<p>Oktober 2022<\/p>\n<p>Elisabeth, Marie-Therese und Cynthia machen sich daran, die Zinnenhauben wieder zu Decken zur\u00fcckzuarbeiten.<\/p>\n<p>&nbsp;<\/p>\n<p>16.10.2022<\/p>\n<p>Projektausklang mit Kaffee und Kuchen, genossen auf den Glozzjini-Decken.<\/p>\n<p>Mit einer grossen \u00dcberraschung: Es gibt eine Modeschau! Helga und Valeria Triulzi haben in den vergangenen Wochen aus verbleibenden Glozzjini Kleider hergestellt.<\/p>\n<p>&nbsp;<\/p>\n<p><strong>Blick in die Zukunft:<\/strong><\/p>\n<p>Visarte Wallis bucht die Decken f\u00fcr ein neues Projekt: Speeddating.<\/p>\n<p>&nbsp;<\/p>\n","protected":false},"excerpt":{"rendered":"<p>&nbsp; Im Herbst 2021 Bl\u00f6delei zwischen Elisabeth &amp; Manuela w\u00e4hrend einem gemeinsamen Mittagessen an einer SGBK Weiterbildung.\u00a0 \u2018H\u00e4keln wir doch den Turm ein, mit Hilfe vieler&#8216; &nbsp; 29.11.2021 Die Idee mit dem H\u00e4keln liess Elisabeth nicht mehr los, weswegen sie eine E-Mail an Manuela schrieb mit der Projektskizze und dem Einfall nur die Zinnen einzuh\u00e4keln. &hellip; <\/p>\n<p class=\"link-more\"><a href=\"https:\/\/www.omasglozzjini.ch\/?page_id=720\" class=\"more-link\"><span class=\"screen-reader-text\">\u201eR\u00fcckblick\u201c<\/span> weiterlesen<\/a><\/p>\n","protected":false},"author":2,"featured_media":0,"parent":0,"menu_order":0,"comment_status":"closed","ping_status":"closed","template":"","meta":[],"_links":{"self":[{"href":"https:\/\/www.omasglozzjini.ch\/index.php?rest_route=\/wp\/v2\/pages\/720"}],"collection":[{"href":"https:\/\/www.omasglozzjini.ch\/index.php?rest_route=\/wp\/v2\/pages"}],"about":[{"href":"https:\/\/www.omasglozzjini.ch\/index.php?rest_route=\/wp\/v2\/types\/page"}],"author":[{"embeddable":true,"href":"https:\/\/www.omasglozzjini.ch\/index.php?rest_route=\/wp\/v2\/users\/2"}],"replies":[{"embeddable":true,"href":"https:\/\/www.omasglozzjini.ch\/index.php?rest_route=%2Fwp%2Fv2%2Fcomments&post=720"}],"version-history":[{"count":7,"href":"https:\/\/www.omasglozzjini.ch\/index.php?rest_route=\/wp\/v2\/pages\/720\/revisions"}],"predecessor-version":[{"id":739,"href":"https:\/\/www.omasglozzjini.ch\/index.php?rest_route=\/wp\/v2\/pages\/720\/revisions\/739"}],"wp:attachment":[{"href":"https:\/\/www.omasglozzjini.ch\/index.php?rest_route=%2Fwp%2Fv2%2Fmedia&parent=720"}],"curies":[{"name":"wp","href":"https:\/\/api.w.org\/{rel}","templated":true}]}}